{"id":21159,"date":"2025-08-01T14:17:43","date_gmt":"2025-08-01T14:17:43","guid":{"rendered":"https:\/\/www.hanger-tools.com\/?product=distributeur-de-10-lames-secables-9-mm-hanger-110001"},"modified":"2025-10-28T13:35:12","modified_gmt":"2025-10-28T13:35:12","slug":"distributeur-de-10-lames-secables-9-mm-hanger-110001","status":"publish","type":"product","link":"https:\/\/www.hanger-tools.fr\/?product=distributeur-de-10-lames-secables-9-mm-hanger-110001","title":{"rendered":"Distributeur de 10 lames s\u00e9cables 9 mm HANGER 110001"},"content":{"rendered":"<p>Ce distributeur est con\u00e7u pour faciliter le stockage et l\u2019utilisation des lames s\u00e9cables. Son syst\u00e8me de casse-lame int\u00e9gr\u00e9 permet de retirer facilement les segments us\u00e9s sans n\u00e9cessiter d\u2019outil suppl\u00e9mentaire. Ce dispositif am\u00e9liore l\u2019efficacit\u00e9 du travail en garantissant une d\u00e9coupe rapide et propre des lames, assurant ainsi une utilisation prolong\u00e9e de chaque segment.<\/p>\n<p>Fabriqu\u00e9es en acier, les lames b\u00e9n\u00e9ficient d\u2019une r\u00e9sistance \u00e9lev\u00e9e \u00e0 l\u2019usure, permettant une utilisation prolong\u00e9e sans perte de performance. Leur structure est adapt\u00e9e \u00e0 la d\u00e9coupe de divers mat\u00e9riaux, garantissant une coupe nette et pr\u00e9cise. Que ce soit pour le papier, le carton, les plastiques fins ou d\u2019autres surfaces, ces lames assurent une efficacit\u00e9 constante.<\/p>\n<p>Les lames sont conditionn\u00e9es dans un \u00e9tui rigide assurant une protection efficace contre les dommages et les risques de coupure. Ce rangement permet de transporter et de stocker les lames en toute s\u00e9curit\u00e9, \u00e9vitant toute d\u00e9t\u00e9rioration pr\u00e9matur\u00e9e. Adapt\u00e9 aux d\u00e9placements, ce distributeur garantit un acc\u00e8s rapide et un usage s\u00e9curis\u00e9 sur diff\u00e9rents types de chantiers ou d\u2019ateliers.<\/p>\n<\/p>\n<h3>Caract\u00e9ristiques techniques:<\/h3>\n<ul>\n<li>Mati\u00e8re de la lame : acier<\/li>\n<li>Contenu: 10 lames<\/li>\n<\/ul>\n","protected":false},"excerpt":{"rendered":"<p>Un ensemble de 10 lames robuste pour diverses applications de coupeLames s\u00e9cables assurant une utilisation prolong\u00e9e\u00c9tui refermable facilement <\/p>\n","protected":false},"featured_media":18793,"template":"","meta":{"_acf_changed":false,"_et_pb_use_builder":"","_et_pb_old_content":"","_et_gb_content_width":"","_cloudinary_featured_overwrite":false},"product_brand":[],"product_cat":[15],"product_tag":[3847],"class_list":{"0":"post-21159","1":"product","2":"type-product","3":"status-publish","4":"has-post-thumbnail","6":"product_cat-produits","7":"product_tag-lame-de-cutter","9":"first","10":"outofstock","11":"shipping-taxable","12":"product-type-simple"},"acf":[],"amp_enabled":false,"_links":{"self":[{"href":"https:\/\/www.hanger-tools.fr\/index.php?rest_route=\/wp\/v2\/product\/21159","targetHints":{"allow":["GET"]}}],"collection":[{"href":"https:\/\/www.hanger-tools.fr\/index.php?rest_route=\/wp\/v2\/product"}],"about":[{"href":"https:\/\/www.hanger-tools.fr\/index.php?rest_route=\/wp\/v2\/types\/product"}],"wp:featuredmedia":[{"embeddable":true,"href":"https:\/\/www.hanger-tools.fr\/index.php?rest_route=\/wp\/v2\/media\/18793"}],"wp:attachment":[{"href":"https:\/\/www.hanger-tools.fr\/index.php?rest_route=%2Fwp%2Fv2%2Fmedia&parent=21159"}],"wp:term":[{"taxonomy":"product_brand","embeddable":true,"href":"https:\/\/www.hanger-tools.fr\/index.php?rest_route=%2Fwp%2Fv2%2Fproduct_brand&post=21159"},{"taxonomy":"product_cat","embeddable":true,"href":"https:\/\/www.hanger-tools.fr\/index.php?rest_route=%2Fwp%2Fv2%2Fproduct_cat&post=21159"},{"taxonomy":"product_tag","embeddable":true,"href":"https:\/\/www.hanger-tools.fr\/index.php?rest_route=%2Fwp%2Fv2%2Fproduct_tag&post=21159"}],"curies":[{"name":"wp","href":"https:\/\/api.w.org\/{rel}","templated":true}]}}