{"id":21160,"date":"2025-08-01T14:17:43","date_gmt":"2025-08-01T14:17:43","guid":{"rendered":"https:\/\/www.hanger-tools.com\/?product=couteau-delectricien-a-cran-darret-shark-hanger-110110"},"modified":"2025-10-28T13:35:41","modified_gmt":"2025-10-28T13:35:41","slug":"couteau-delectricien-a-cran-darret-shark-hanger-110110","status":"publish","type":"product","link":"https:\/\/www.hanger-tools.fr\/?product=couteau-delectricien-a-cran-darret-shark-hanger-110110","title":{"rendered":"Couteau d&rsquo;\u00e9lectricien \u00e0 cran d&rsquo;arr\u00eat Shark HANGER 110110"},"content":{"rendered":"<p>La lame en inox du couteau d&rsquo;\u00e9lectricien Shark de la marque Hanger garantit des d\u00e9coupes pr\u00e9cises et efficaces. Sa finition black oxyde non seulement am\u00e9liore son esth\u00e9tique, mais aussi sa durabilit\u00e9 en la prot\u00e9geant contre la corrosion et l&rsquo;usure. Que ce soit pour couper des c\u00e2bles, des fils ou d&rsquo;autres mat\u00e9riaux, cette lame offre une performance fiable \u00e0 chaque utilisation.<\/p>\n<p>Gr\u00e2ce \u00e0 son cran d&rsquo;arr\u00eat int\u00e9gr\u00e9, cet outil assure une utilisation en toute s\u00e9curit\u00e9. Ce dispositif permet de verrouiller la lame en position ouverte, \u00e9vitant ainsi tout risque d&rsquo;accident pendant son utilisation. Les professionnels peuvent ainsi travailler en toute confiance, m\u00eame dans les conditions les plus exigeantes, sans craindre de blessures potentielles.<\/p>\n<p>Le couteau d&rsquo;\u00e9lectricien Shark est con\u00e7u pour r\u00e9sister aux rigueurs de l&rsquo;utilisation quotidienne. Son manche en aluminium offre \u00e0 la fois l\u00e9g\u00e8ret\u00e9 et robustesse, garantissant une prise en main confortable et une manipulation pr\u00e9cise. Cette conception durable assure une longue dur\u00e9e de vie \u00e0 l&rsquo;outil, ce qui en fait un investissement judicieux pour les professionnels de l&rsquo;\u00e9lectricit\u00e9 et de nombreux autres m\u00e9tiers.<\/p>\n<\/p>\n<p><b>Caract\u00e9ristiques techniques :<\/b><\/p>\n<ul>\n<li>Manche en aluminium<\/li>\n<li>Avec cran d\u2019arr\u00eat<\/li>\n<li>Lame en inox<\/li>\n<li>Finition: black oxyde<\/li>\n<li>Longueur pli\u00e9e : 115 mm<\/li>\n<li>Longueur d\u00e9pli\u00e9e : 195 mm<\/li>\n<\/ul>\n","protected":false},"excerpt":{"rendered":"<p>\u2022 Manche en aluminium.\u2022 Poss\u00e8de un cran d&rsquo;arr\u00eat pour plus de s\u00e9curit\u00e9.<\/p>\n","protected":false},"featured_media":18847,"template":"","meta":{"_acf_changed":false,"_et_pb_use_builder":"","_et_pb_old_content":"","_et_gb_content_width":"","_cloudinary_featured_overwrite":false},"product_brand":[],"product_cat":[15],"product_tag":[3849],"class_list":{"0":"post-21160","1":"product","2":"type-product","3":"status-publish","4":"has-post-thumbnail","6":"product_cat-produits","7":"product_tag-couteau-delectricien","9":"first","10":"outofstock","11":"shipping-taxable","12":"product-type-simple"},"acf":[],"amp_enabled":false,"_links":{"self":[{"href":"https:\/\/www.hanger-tools.fr\/index.php?rest_route=\/wp\/v2\/product\/21160","targetHints":{"allow":["GET"]}}],"collection":[{"href":"https:\/\/www.hanger-tools.fr\/index.php?rest_route=\/wp\/v2\/product"}],"about":[{"href":"https:\/\/www.hanger-tools.fr\/index.php?rest_route=\/wp\/v2\/types\/product"}],"wp:featuredmedia":[{"embeddable":true,"href":"https:\/\/www.hanger-tools.fr\/index.php?rest_route=\/wp\/v2\/media\/18847"}],"wp:attachment":[{"href":"https:\/\/www.hanger-tools.fr\/index.php?rest_route=%2Fwp%2Fv2%2Fmedia&parent=21160"}],"wp:term":[{"taxonomy":"product_brand","embeddable":true,"href":"https:\/\/www.hanger-tools.fr\/index.php?rest_route=%2Fwp%2Fv2%2Fproduct_brand&post=21160"},{"taxonomy":"product_cat","embeddable":true,"href":"https:\/\/www.hanger-tools.fr\/index.php?rest_route=%2Fwp%2Fv2%2Fproduct_cat&post=21160"},{"taxonomy":"product_tag","embeddable":true,"href":"https:\/\/www.hanger-tools.fr\/index.php?rest_route=%2Fwp%2Fv2%2Fproduct_tag&post=21160"}],"curies":[{"name":"wp","href":"https:\/\/api.w.org\/{rel}","templated":true}]}}