{"id":21170,"date":"2025-08-01T14:17:50","date_gmt":"2025-08-01T14:17:50","guid":{"rendered":"https:\/\/www.hanger-tools.com\/?product=jeu-de-5-tournevis-etoile-percee-ttx-hanger-131091"},"modified":"2025-10-28T13:35:14","modified_gmt":"2025-10-28T13:35:14","slug":"jeu-de-5-tournevis-etoile-percee-ttx-hanger-131091","status":"publish","type":"product","link":"https:\/\/www.hanger-tools.fr\/?product=jeu-de-5-tournevis-etoile-percee-ttx-hanger-131091","title":{"rendered":"Jeu de 5 tournevis \u00e9toile perc\u00e9e TTX HANGER 131091"},"content":{"rendered":"<p>Ce jeu de tournevis \u00e9toile perc\u00e9e de la marque Hanger est compos\u00e9 de 5 tournevis manche bi-mati\u00e8re pour plus de confort. Ces tournevis ont une lame cylindrique longue pour une meilleure utilisation. Les empreintes sont phosphat\u00e9es magn\u00e9tiques afin de ne pas perdre les vis lors des vissages ou d\u00e9vissages.<\/p>\n<\/p>\n<p><b>Caract\u00e9ristiques techniques :<\/b><\/p>\n<ul>\n<li>Empreintes phosphat\u00e9es magn\u00e9tiques<\/li>\n<li>Lames cylindriques longues<\/li>\n<li>Mat\u00e9riau de la lame : acier<\/li>\n<li>Type d\u2019empreinte: TTX \/ \u00e9toile perc\u00e9e<\/li>\n<li>Type de manche: bi-mati\u00e8re<\/li>\n<\/ul>\n","protected":false},"excerpt":{"rendered":"<p>\u2022 Manche bi-mati\u00e8re.\u2022 Empreinte magn\u00e9tique.<\/p>\n","protected":false},"featured_media":18386,"template":"","meta":{"_acf_changed":false,"_et_pb_use_builder":"","_et_pb_old_content":"","_et_gb_content_width":"","_cloudinary_featured_overwrite":false},"product_brand":[],"product_cat":[15],"product_tag":[164],"class_list":{"0":"post-21170","1":"product","2":"type-product","3":"status-publish","4":"has-post-thumbnail","6":"product_cat-produits","7":"product_tag-tournevis","9":"first","10":"outofstock","11":"shipping-taxable","12":"product-type-simple"},"acf":[],"amp_enabled":false,"_links":{"self":[{"href":"https:\/\/www.hanger-tools.fr\/index.php?rest_route=\/wp\/v2\/product\/21170","targetHints":{"allow":["GET"]}}],"collection":[{"href":"https:\/\/www.hanger-tools.fr\/index.php?rest_route=\/wp\/v2\/product"}],"about":[{"href":"https:\/\/www.hanger-tools.fr\/index.php?rest_route=\/wp\/v2\/types\/product"}],"wp:featuredmedia":[{"embeddable":true,"href":"https:\/\/www.hanger-tools.fr\/index.php?rest_route=\/wp\/v2\/media\/18386"}],"wp:attachment":[{"href":"https:\/\/www.hanger-tools.fr\/index.php?rest_route=%2Fwp%2Fv2%2Fmedia&parent=21170"}],"wp:term":[{"taxonomy":"product_brand","embeddable":true,"href":"https:\/\/www.hanger-tools.fr\/index.php?rest_route=%2Fwp%2Fv2%2Fproduct_brand&post=21170"},{"taxonomy":"product_cat","embeddable":true,"href":"https:\/\/www.hanger-tools.fr\/index.php?rest_route=%2Fwp%2Fv2%2Fproduct_cat&post=21170"},{"taxonomy":"product_tag","embeddable":true,"href":"https:\/\/www.hanger-tools.fr\/index.php?rest_route=%2Fwp%2Fv2%2Fproduct_tag&post=21170"}],"curies":[{"name":"wp","href":"https:\/\/api.w.org\/{rel}","templated":true}]}}