{"id":21198,"date":"2025-08-01T14:18:14","date_gmt":"2025-08-01T14:18:14","guid":{"rendered":"https:\/\/www.hanger-tools.com\/?product=pince-pour-collier-attache-cables-200-mm-hanger-231110"},"modified":"2025-10-31T09:06:11","modified_gmt":"2025-10-31T09:06:11","slug":"pince-pour-collier-attache-cables-200-mm-hanger-231110","status":"publish","type":"product","link":"https:\/\/www.hanger-tools.fr\/?product=pince-pour-collier-attache-cables-200-mm-hanger-231110","title":{"rendered":"Pince pour collier attache c\u00e2bles 200 mm HANGER 231110"},"content":{"rendered":"<p>La pince de collier attache c\u00e2bles de Hanger est un outil essentiel pour une gestion efficace des c\u00e2bles. Avec une dimension de 200 mm, elle est adapt\u00e9e aux colliers de serrage d&rsquo;une \u00e9paisseur de 2,5 mm et d&rsquo;une largeur de 9,5 mm. De plus, ses poign\u00e9es renforc\u00e9es offrent une meilleure pr\u00e9hension, assurant un confort d&rsquo;utilisation et une pr\u00e9cision \u00e9lev\u00e9e.<\/p>\n<\/p>\n<p><b>Caract\u00e9ristiques techniques:<\/b><\/p>\n<ul>\n<li>Dimension de la pince : 200 mm<\/li>\n<li>Epaisseur collier: 2,5 mm<\/li>\n<li>Largeur collier: 9,5 mm<\/li>\n<li>Poign\u00e9es renforc\u00e9es pour une meilleure pr\u00e9hension<\/li>\n<\/ul>\n","protected":false},"excerpt":{"rendered":"<p>Poign\u00e9es renforc\u00e9es offrant une meilleure pr\u00e9hensionPermet de poser facilement les colliers attache c\u00e2bleConception robuste assurant une grande r\u00e9sistance \u00e0 l&rsquo;usure et aux sollicitations m\u00e9caniques<\/p>\n","protected":false},"featured_media":20731,"template":"","meta":{"_acf_changed":false,"_et_pb_use_builder":"","_et_pb_old_content":"","_et_gb_content_width":"","_cloudinary_featured_overwrite":false},"product_brand":[],"product_cat":[15,4447,4450],"product_tag":[3889],"class_list":{"0":"post-21198","1":"product","2":"type-product","3":"status-publish","4":"has-post-thumbnail","6":"product_cat-produits","7":"product_cat-outils-a-mains","8":"product_cat-pinces","9":"product_tag-pince-pour-collier","11":"first","12":"outofstock","13":"shipping-taxable","14":"product-type-simple"},"acf":[],"amp_enabled":false,"_links":{"self":[{"href":"https:\/\/www.hanger-tools.fr\/index.php?rest_route=\/wp\/v2\/product\/21198","targetHints":{"allow":["GET"]}}],"collection":[{"href":"https:\/\/www.hanger-tools.fr\/index.php?rest_route=\/wp\/v2\/product"}],"about":[{"href":"https:\/\/www.hanger-tools.fr\/index.php?rest_route=\/wp\/v2\/types\/product"}],"wp:featuredmedia":[{"embeddable":true,"href":"https:\/\/www.hanger-tools.fr\/index.php?rest_route=\/wp\/v2\/media\/20731"}],"wp:attachment":[{"href":"https:\/\/www.hanger-tools.fr\/index.php?rest_route=%2Fwp%2Fv2%2Fmedia&parent=21198"}],"wp:term":[{"taxonomy":"product_brand","embeddable":true,"href":"https:\/\/www.hanger-tools.fr\/index.php?rest_route=%2Fwp%2Fv2%2Fproduct_brand&post=21198"},{"taxonomy":"product_cat","embeddable":true,"href":"https:\/\/www.hanger-tools.fr\/index.php?rest_route=%2Fwp%2Fv2%2Fproduct_cat&post=21198"},{"taxonomy":"product_tag","embeddable":true,"href":"https:\/\/www.hanger-tools.fr\/index.php?rest_route=%2Fwp%2Fv2%2Fproduct_tag&post=21198"}],"curies":[{"name":"wp","href":"https:\/\/api.w.org\/{rel}","templated":true}]}}