{"id":21202,"date":"2025-08-01T14:18:17","date_gmt":"2025-08-01T14:18:17","guid":{"rendered":"https:\/\/www.hanger-tools.com\/?product=pince-coupante-a-onglet-a-angles-variables-hanger-070041"},"modified":"2025-10-31T09:06:11","modified_gmt":"2025-10-31T09:06:11","slug":"pince-coupante-a-onglet-a-angles-variables-hanger-070041","status":"publish","type":"product","link":"https:\/\/www.hanger-tools.fr\/?product=pince-coupante-a-onglet-a-angles-variables-hanger-070041","title":{"rendered":"Pince coupante \u00e0 onglet \u00e0 angles variables HANGER 070041"},"content":{"rendered":"<p>La pince coupante \u00e0 onglet \u00e0 angles variables de la marque Hanger se distingue par sa capacit\u00e9 \u00e0 r\u00e9aliser des coupes pr\u00e9cises et nettes sur une vari\u00e9t\u00e9 de mat\u00e9riaux. Adapt\u00e9e pour la d\u00e9coupe de profil\u00e9s plastiques, joints caoutchouc de vitrerie, moulures d\u00e9coratives, profil\u00e9s de finition de carrelage en PVC, et bandes de PVC, cet outil s&rsquo;av\u00e8re indispensable pour des finitions \u00e9volu\u00e9es. Le r\u00e9glage de l&rsquo;angle de coupe permet d&rsquo;adapter l&rsquo;outil \u00e0 chaque besoin sp\u00e9cifique, offrant une flexibilit\u00e9 dans la r\u00e9alisation de travaux de finition et de d\u00e9coration.<\/p>\n<p>Ergonomiquement con\u00e7ue, la poign\u00e9e assure une prise en main confortable r\u00e9duisant la fatigue lors d&rsquo;utilisations prolong\u00e9es. La structure robuste de la pince garantit une durabilit\u00e9 \u00e0 toute \u00e9preuve, m\u00eame dans les environnements de travail les plus exigeants. Les lames, fabriqu\u00e9es \u00e0 partir de mat\u00e9riaux unique, conservent leur tranchant coup apr\u00e8s coup, assurant ainsi des d\u00e9coupes propres et pr\u00e9cises sur le long terme.<\/p>\n<\/p>\n<p><b>Caract\u00e9ristiques techniques :<\/b><\/p>\n<ul>\n<li>Mati\u00e8re de la poign\u00e9e: bi-mati\u00e8re<\/li>\n<li>Mati\u00e8re de la t\u00eate: acier<\/li>\n<li>Longueur de la pince : 240 mm<\/li>\n<\/ul>\n","protected":false},"excerpt":{"rendered":"<p>Adapt\u00e9 \u00e0 une vari\u00e9t\u00e9 de mat\u00e9riauxR\u00e9glage facile de l&rsquo;angle pour une d\u00e9coupe sur mesureConception ergonomique pour une utilisation confortable et prolong\u00e9e<\/p>\n","protected":false},"featured_media":19408,"template":"","meta":{"_acf_changed":false,"_et_pb_use_builder":"","_et_pb_old_content":"","_et_gb_content_width":"","_cloudinary_featured_overwrite":false},"product_brand":[],"product_cat":[15,4447,4450],"product_tag":[3879],"class_list":{"0":"post-21202","1":"product","2":"type-product","3":"status-publish","4":"has-post-thumbnail","6":"product_cat-produits","7":"product_cat-outils-a-mains","8":"product_cat-pinces","9":"product_tag-pince-coupante","11":"first","12":"outofstock","13":"shipping-taxable","14":"product-type-simple"},"acf":[],"amp_enabled":false,"_links":{"self":[{"href":"https:\/\/www.hanger-tools.fr\/index.php?rest_route=\/wp\/v2\/product\/21202","targetHints":{"allow":["GET"]}}],"collection":[{"href":"https:\/\/www.hanger-tools.fr\/index.php?rest_route=\/wp\/v2\/product"}],"about":[{"href":"https:\/\/www.hanger-tools.fr\/index.php?rest_route=\/wp\/v2\/types\/product"}],"wp:featuredmedia":[{"embeddable":true,"href":"https:\/\/www.hanger-tools.fr\/index.php?rest_route=\/wp\/v2\/media\/19408"}],"wp:attachment":[{"href":"https:\/\/www.hanger-tools.fr\/index.php?rest_route=%2Fwp%2Fv2%2Fmedia&parent=21202"}],"wp:term":[{"taxonomy":"product_brand","embeddable":true,"href":"https:\/\/www.hanger-tools.fr\/index.php?rest_route=%2Fwp%2Fv2%2Fproduct_brand&post=21202"},{"taxonomy":"product_cat","embeddable":true,"href":"https:\/\/www.hanger-tools.fr\/index.php?rest_route=%2Fwp%2Fv2%2Fproduct_cat&post=21202"},{"taxonomy":"product_tag","embeddable":true,"href":"https:\/\/www.hanger-tools.fr\/index.php?rest_route=%2Fwp%2Fv2%2Fproduct_tag&post=21202"}],"curies":[{"name":"wp","href":"https:\/\/api.w.org\/{rel}","templated":true}]}}