{"id":21233,"date":"2025-08-01T14:18:51","date_gmt":"2025-08-01T14:18:51","guid":{"rendered":"https:\/\/www.hanger-tools.com\/?product=meuleuse-dangle-1400-w-gr-1400c-125-mm-hanger-411002"},"modified":"2025-10-31T09:45:36","modified_gmt":"2025-10-31T09:45:36","slug":"meuleuse-dangle-1400-w-gr-1400c-125-mm-hanger-411002","status":"publish","type":"product","link":"https:\/\/www.hanger-tools.fr\/?product=meuleuse-dangle-1400-w-gr-1400c-125-mm-hanger-411002","title":{"rendered":"Meuleuse d&rsquo;angle 1400 W GR-1400C 125 mm HANGER 411002"},"content":{"rendered":"<p>La meuleuse d\u2019angle GR-1400C de la marque Hanger se distingue par sa puissance de 1400 W et sa vitesse \u00e0 vide de 9500 tours\/minute. Adapt\u00e9e aux travaux intensifs, cette meuleuse d\u2019angle est id\u00e9ale pour les professionnels du b\u00e2timent et les bricoleurs exigeants. Utilisable avec les disques de 125 mm avec un al\u00e9sage de 22,2 mm, elle permet une pr\u00e9cision de coupe \u00e9lev\u00e9e et de meulage sur diff\u00e9rents mat\u00e9riaux.<\/p>\n<p>La GR-1400C int\u00e8gre des fonctionnalit\u00e9s avanc\u00e9es qui en font un outil \u00e0 la fois confortable et s\u00e9curis\u00e9. Son syst\u00e8me de d\u00e9marrage progressif \u00e9vite les \u00e0-coups lors de l\u2019allumage, tandis que l\u2019interrupteur coulissant march\u00e9\/arr\u00eat permet un contr\u00f4le facile de l\u2019appareil. La poign\u00e9e anti-vibration garantit une prise en main ferme et r\u00e9duit la fatigue lors des travaux prolong\u00e9s, m\u00eame dans des conditions exigeantes. De plus, son poids l\u00e9ger de 1,5 kg rend son utilisation particuli\u00e8rement ergonomique, assurant une excellente maniabilit\u00e9.<\/p>\n<p>Con\u00e7ue pour durer, cette meuleuse d&rsquo;angle est \u00e9quip\u00e9e d\u2019un arr\u00eat automatique des balais en cas d\u2019usure, augmentant ainsi la dur\u00e9e de vie de l\u2019appareil. Le c\u00e2ble de 4 m\u00e8tres de type H07RNF assure une mobilit\u00e9 accrue sur le chantier, et le filetage de la broche M14 permet de fixer rapidement les accessoires. Avec la GR-1400C, Hanger propose un outil robuste, fiable et performant pour tous vos travaux de coupe et de meulage.<\/p>\n<\/p>\n<p><b>Caract\u00e9ristiques techniques:<\/b><\/p>\n<ul>\n<li>Puissance nominale: 1400 W<\/li>\n<li>Tension nominale: 200 &#8211; 240 V ~ 50 Hz<\/li>\n<li>Diam\u00e8tre disque : 125 mm<\/li>\n<li>Al\u00e9sage: 22,2 mm<\/li>\n<li>Taille du filetage de la broche : M14<\/li>\n<li>Vitesse \u00e0 vide nominale: 9500 tr\/min<\/li>\n<li>C\u00e2ble 4 m H07RNF 2 x 1 mm\u00b2<\/li>\n<li>Poids de la machine: 1,5 kg<\/li>\n<\/ul>\n","protected":false},"excerpt":{"rendered":"<p>Puissance \u00e9lev\u00e9ePoign\u00e9e anti-vibrationL\u00e9ger et maniable<\/p>\n","protected":false},"featured_media":20603,"template":"","meta":{"_acf_changed":false,"_et_pb_use_builder":"","_et_pb_old_content":"","_et_gb_content_width":"","_cloudinary_featured_overwrite":false},"product_brand":[],"product_cat":[15,4469,4471],"product_tag":[3918],"class_list":{"0":"post-21233","1":"product","2":"type-product","3":"status-publish","4":"has-post-thumbnail","6":"product_cat-produits","7":"product_cat-electroportatif","8":"product_cat-meuleuses","9":"product_tag-meuleuse-dangle","11":"first","12":"outofstock","13":"shipping-taxable","14":"product-type-simple"},"acf":[],"amp_enabled":false,"_links":{"self":[{"href":"https:\/\/www.hanger-tools.fr\/index.php?rest_route=\/wp\/v2\/product\/21233","targetHints":{"allow":["GET"]}}],"collection":[{"href":"https:\/\/www.hanger-tools.fr\/index.php?rest_route=\/wp\/v2\/product"}],"about":[{"href":"https:\/\/www.hanger-tools.fr\/index.php?rest_route=\/wp\/v2\/types\/product"}],"wp:featuredmedia":[{"embeddable":true,"href":"https:\/\/www.hanger-tools.fr\/index.php?rest_route=\/wp\/v2\/media\/20603"}],"wp:attachment":[{"href":"https:\/\/www.hanger-tools.fr\/index.php?rest_route=%2Fwp%2Fv2%2Fmedia&parent=21233"}],"wp:term":[{"taxonomy":"product_brand","embeddable":true,"href":"https:\/\/www.hanger-tools.fr\/index.php?rest_route=%2Fwp%2Fv2%2Fproduct_brand&post=21233"},{"taxonomy":"product_cat","embeddable":true,"href":"https:\/\/www.hanger-tools.fr\/index.php?rest_route=%2Fwp%2Fv2%2Fproduct_cat&post=21233"},{"taxonomy":"product_tag","embeddable":true,"href":"https:\/\/www.hanger-tools.fr\/index.php?rest_route=%2Fwp%2Fv2%2Fproduct_tag&post=21233"}],"curies":[{"name":"wp","href":"https:\/\/api.w.org\/{rel}","templated":true}]}}