{"id":21265,"date":"2025-08-01T14:19:15","date_gmt":"2025-08-01T14:19:15","guid":{"rendered":"https:\/\/www.hanger-tools.com\/?product=baladeuse-60-w-lcp-60-avec-grille-de-protection-hanger-170201"},"modified":"2025-10-28T13:35:46","modified_gmt":"2025-10-28T13:35:46","slug":"baladeuse-60-w-lcp-60-avec-grille-de-protection-hanger-170201","status":"publish","type":"product","link":"https:\/\/www.hanger-tools.fr\/?product=baladeuse-60-w-lcp-60-avec-grille-de-protection-hanger-170201","title":{"rendered":"Baladeuse 60 W LCP 60 avec grille de protection HANGER 170201"},"content":{"rendered":"<p>La baladeuse LCP 60 de la marque Hanger est un outil d&rsquo;\u00e9clairage professionnel con\u00e7u pour offrir une luminosit\u00e9 fiable et durable dans divers environnements de travail. Dot\u00e9e d&rsquo;une certification IP 44, elle est prot\u00e9g\u00e9e contre les projections d&rsquo;eau et les corps solides, assurant ainsi sa r\u00e9sistance \u00e0 l&rsquo;eau et \u00e0 la poussi\u00e8re. \u00c9quip\u00e9e d&rsquo;une grille de protection, cette baladeuse offre une s\u00e9curit\u00e9 suppl\u00e9mentaire en prot\u00e9geant l&rsquo;ampoule des chocs et des \u00e9clats \u00e9ventuels.<\/p>\n<p>Cette baladeuse est \u00e9quip\u00e9e d&rsquo;une verrine transparente qui garantit une distribution uniforme de la lumi\u00e8re, assurant ainsi une visibilit\u00e9 optimale sur le lieu de travail. De plus, elle est munie d&rsquo;un crochet de suspension qui permet de l&rsquo;accrocher facilement \u00e0 divers supports, offrant ainsi une grande flexibilit\u00e9 d&rsquo;utilisation. Fonctionnant avec une ampoule E27 d&rsquo;une puissance maximale de 60 watts (non fournie), cette baladeuse offre une luminosit\u00e9 suffisante pour \u00e9clairer efficacement les zones de travail. Elle est \u00e9galement \u00e9quip\u00e9e d&rsquo;un c\u00e2ble de 5 m\u00e8tres HO5 RNF 2 x 1 mm\u00b2, offrant une port\u00e9e \u00e9tendue pour une utilisation pratique dans diff\u00e9rentes situations.<\/p>\n<\/p>\n<p><b>Caract\u00e9ristiques techniques:<\/b><\/p>\n<ul>\n<li>Equip\u00e9e d\u2019une grille de protection<\/li>\n<li>Verrine transparente<\/li>\n<li>Crochet de suspension<\/li>\n<li>Fonctionne avec une ampoule E27 &#8211; 60 W maximale<\/li>\n<li>Puissance: 60 W<\/li>\n<li>Type de c\u00e2ble: HO5 RNF 2 x 1 mm\u00b2<\/li>\n<li>Longueur de c\u00e2ble d\u2019alimentation: 5 m<\/li>\n<\/ul>\n","protected":false},"excerpt":{"rendered":"<p>Grille de protectionVerrine transparenteLong c\u00e2ble de 5 m<\/p>\n","protected":false},"featured_media":18017,"template":"","meta":{"_acf_changed":false,"_et_pb_use_builder":"","_et_pb_old_content":"","_et_gb_content_width":"","_cloudinary_featured_overwrite":false},"product_brand":[],"product_cat":[15],"product_tag":[3928],"class_list":{"0":"post-21265","1":"product","2":"type-product","3":"status-publish","4":"has-post-thumbnail","6":"product_cat-produits","7":"product_tag-baladeuse","9":"first","10":"outofstock","11":"shipping-taxable","12":"product-type-simple"},"acf":[],"amp_enabled":false,"_links":{"self":[{"href":"https:\/\/www.hanger-tools.fr\/index.php?rest_route=\/wp\/v2\/product\/21265","targetHints":{"allow":["GET"]}}],"collection":[{"href":"https:\/\/www.hanger-tools.fr\/index.php?rest_route=\/wp\/v2\/product"}],"about":[{"href":"https:\/\/www.hanger-tools.fr\/index.php?rest_route=\/wp\/v2\/types\/product"}],"wp:featuredmedia":[{"embeddable":true,"href":"https:\/\/www.hanger-tools.fr\/index.php?rest_route=\/wp\/v2\/media\/18017"}],"wp:attachment":[{"href":"https:\/\/www.hanger-tools.fr\/index.php?rest_route=%2Fwp%2Fv2%2Fmedia&parent=21265"}],"wp:term":[{"taxonomy":"product_brand","embeddable":true,"href":"https:\/\/www.hanger-tools.fr\/index.php?rest_route=%2Fwp%2Fv2%2Fproduct_brand&post=21265"},{"taxonomy":"product_cat","embeddable":true,"href":"https:\/\/www.hanger-tools.fr\/index.php?rest_route=%2Fwp%2Fv2%2Fproduct_cat&post=21265"},{"taxonomy":"product_tag","embeddable":true,"href":"https:\/\/www.hanger-tools.fr\/index.php?rest_route=%2Fwp%2Fv2%2Fproduct_tag&post=21265"}],"curies":[{"name":"wp","href":"https:\/\/api.w.org\/{rel}","templated":true}]}}