{"id":21413,"date":"2025-08-01T14:21:11","date_gmt":"2025-08-01T14:21:11","guid":{"rendered":"https:\/\/www.hanger-tools.com\/?product=trolley-a-outils-45-l-hanger-510116"},"modified":"2025-10-28T13:35:23","modified_gmt":"2025-10-28T13:35:23","slug":"trolley-a-outils-45-l-hanger-510116","status":"publish","type":"product","link":"https:\/\/www.hanger-tools.fr\/?product=trolley-a-outils-45-l-hanger-510116","title":{"rendered":"Trolley \u00e0 outils 45 l HANGER 510116"},"content":{"rendered":"<p>Le trolley \u00e0 outils Hanger 45 L est con\u00e7u pour offrir un rangement structur\u00e9 et accessible pour les outils de bricolage. Son compartiment principal spacieux est compl\u00e9t\u00e9 par 7 poches int\u00e9rieures et 11 poches ext\u00e9rieures, permettant de ranger et d\u2019organiser facilement les outils \u00e0 main, les accessoires et les consommables. Cette disposition facilite le rep\u00e9rage rapide du mat\u00e9riel n\u00e9cessaire, \u00e9vitant ainsi les pertes de temps lors des interventions.<\/p>\n<p>Gr\u00e2ce \u00e0 sa poign\u00e9e t\u00e9lescopique \u00e9quip\u00e9e d\u2019un bouton, ce trolley s\u2019adapte \u00e0 diff\u00e9rentes hauteurs pour une prise en main confortable. Les anses lat\u00e9rales offrent une alternative pour le transport \u00e0 la main, garantissant une flexibilit\u00e9 selon les besoins. La conception robuste permet de d\u00e9placer facilement l\u2019ensemble du mat\u00e9riel sans effort, m\u00eame lorsque le sac est charg\u00e9.<\/p>\n<p>La base du trolley est \u00e9quip\u00e9e de pieds antid\u00e9rapants sur\u00e9lev\u00e9s, assurant une protection contre l\u2019humidit\u00e9 et les surfaces irr\u00e9guli\u00e8res. Les deux roues renforc\u00e9es facilitent les d\u00e9placements, m\u00eame sur des terrains plus exigeants. L\u2019ouverture large du compartiment principal permet un acc\u00e8s rapide aux outils, garantissant un travail fluide et efficace sur tous types de chantiers ou projets de bricolage.<\/p>\n<\/p>\n<h3>Caract\u00e9ristiques techniques:<\/h3>\n<ul>\n<li>Mati\u00e8re du sac: 100% polyester<\/li>\n<li>Type de poign\u00e9e: t\u00e9lescopique avec bouton<\/li>\n<li>Nombre de poches int\u00e9rieurs: 7<\/li>\n<li>Nombre de poches ext\u00e9rieur: 11<\/li>\n<li>Capacit\u00e9: 45 l<\/li>\n<li>Dimensions: 46 x 32 x 40 cm<\/li>\n<li>Poids: 5 kg<\/li>\n<\/ul>\n","protected":false},"excerpt":{"rendered":"<p>Sac \u00e0 large ouverture offrant un acc\u00e8s rapide aux outilsPoign\u00e9e t\u00e9lescopique facilitant le transport des outilsBase sur\u00e9lev\u00e9e avec pieds antid\u00e9rapants et roues renforc\u00e9es pour plus de stabilit\u00e9<\/p>\n","protected":false},"featured_media":19758,"template":"","meta":{"_acf_changed":false,"_et_pb_use_builder":"","_et_pb_old_content":"","_et_gb_content_width":"","_cloudinary_featured_overwrite":false},"product_brand":[],"product_cat":[15],"product_tag":[3983],"class_list":{"0":"post-21413","1":"product","2":"type-product","3":"status-publish","4":"has-post-thumbnail","6":"product_cat-produits","7":"product_tag-sac-et-valise-a-outils","9":"first","10":"outofstock","11":"shipping-taxable","12":"product-type-simple"},"acf":[],"amp_enabled":false,"_links":{"self":[{"href":"https:\/\/www.hanger-tools.fr\/index.php?rest_route=\/wp\/v2\/product\/21413","targetHints":{"allow":["GET"]}}],"collection":[{"href":"https:\/\/www.hanger-tools.fr\/index.php?rest_route=\/wp\/v2\/product"}],"about":[{"href":"https:\/\/www.hanger-tools.fr\/index.php?rest_route=\/wp\/v2\/types\/product"}],"wp:featuredmedia":[{"embeddable":true,"href":"https:\/\/www.hanger-tools.fr\/index.php?rest_route=\/wp\/v2\/media\/19758"}],"wp:attachment":[{"href":"https:\/\/www.hanger-tools.fr\/index.php?rest_route=%2Fwp%2Fv2%2Fmedia&parent=21413"}],"wp:term":[{"taxonomy":"product_brand","embeddable":true,"href":"https:\/\/www.hanger-tools.fr\/index.php?rest_route=%2Fwp%2Fv2%2Fproduct_brand&post=21413"},{"taxonomy":"product_cat","embeddable":true,"href":"https:\/\/www.hanger-tools.fr\/index.php?rest_route=%2Fwp%2Fv2%2Fproduct_cat&post=21413"},{"taxonomy":"product_tag","embeddable":true,"href":"https:\/\/www.hanger-tools.fr\/index.php?rest_route=%2Fwp%2Fv2%2Fproduct_tag&post=21413"}],"curies":[{"name":"wp","href":"https:\/\/api.w.org\/{rel}","templated":true}]}}