{"id":22486,"date":"2025-08-04T08:34:43","date_gmt":"2025-08-04T08:34:43","guid":{"rendered":"https:\/\/www.hanger-tools.com\/?product=lampe-frontale-magic-eye-200-lumens-hanger-170106"},"modified":"2025-10-31T09:28:18","modified_gmt":"2025-10-31T09:28:18","slug":"lampe-frontale-magic-eye-200-lumens-hanger-170106","status":"publish","type":"product","link":"https:\/\/www.hanger-tools.fr\/?product=lampe-frontale-magic-eye-200-lumens-hanger-170106","title":{"rendered":"Lampe frontale Magic Eye 200 lumens HANGER 170106"},"content":{"rendered":"<p>Cette lampe frontale de 200 lumens est con\u00e7ue pour offrir un \u00e9clairage adaptable \u00e0 diverses conditions de travail. Dot\u00e9e de plusieurs modes d&rsquo;\u00e9clairage, elle permet de s\u00e9lectionner diff\u00e9rents niveaux d&rsquo;intensit\u00e9 en fonction des besoins sp\u00e9cifiques. En mode \u00e9clairage central, les options incluent un \u00e9clairage fort, m\u00e9dium et stroboscope. Pour un \u00e9clairage diffus, les choix s&rsquo;\u00e9tendent \u00e0 un \u00e9clairage fort, m\u00e9dium, rouge ou stroboscope rouge, offrant ainsi une grande flexibilit\u00e9 pour s&rsquo;adapter \u00e0 toutes les situations.<\/p>\n<p>Le d\u00e9tecteur de mouvements ajoute une dimension pratique \u00e0 cette lampe frontale, permettant d&rsquo;\u00e9teindre ou de rallumer l&rsquo;\u00e9clairage en passant simplement la main devant la LED. Cette fonctionnalit\u00e9 est particuli\u00e8rement utile dans des environnements o\u00f9 les mains sont souvent occup\u00e9es ou sales, garantissant un contr\u00f4le de l&rsquo;\u00e9clairage sans contact. La combinaison de cette technologie avec les multiples modes d&rsquo;\u00e9clairage fait de cette lampe un outil polyvalent et intuitif.<\/p>\n<p>Sa conception ergonomique inclut une lani\u00e8re ajustable et une lampe inclinable, assurant un confort optimal et une adaptation facile \u00e0 diff\u00e9rents utilisateurs et angles de travail. La lani\u00e8re s&rsquo;ajuste pour un maintien s\u00e9curis\u00e9 et confortable, tandis que la lampe inclinable permet de diriger le faisceau lumineux pr\u00e9cis\u00e9ment l\u00e0 o\u00f9 il est n\u00e9cessaire. Cette lampe frontale est donc id\u00e9ale pour les professionnels et les amateurs, offrant une solution d&rsquo;\u00e9clairage fiable et adaptable pour une vari\u00e9t\u00e9 d&rsquo;applications.<\/p>\n<p>&#038;nbsp,<\/p>\n<p><b>Caract\u00e9ristiques techniques :<\/b><\/p>\n<ul>\n<li>D\u00e9tecteur de mouvements<\/li>\n<li>Port\u00e9e maximale : 50 m<\/li>\n<li>Lumens&#038;nbsp,: 200 lms<\/li>\n<li>Poids : 66 g<\/li>\n<\/ul>\n<p><strong><\/strong><\/p>\n","protected":false},"excerpt":{"rendered":"<p>Cette lampe frontale de 200 lumens est con\u00e7ue pour offrir un \u00e9clairage adaptable \u00e0 diverses conditions de travail. Dot\u00e9e de plusieurs modes d&rsquo;\u00e9clairage, elle permet de s\u00e9lectionner diff\u00e9rents niveaux d&rsquo;intensit\u00e9 en fonction des besoins sp\u00e9cifiques. En mode \u00e9clairage central, les options incluent un \u00e9clairage fort, m\u00e9dium et stroboscope. Pour un \u00e9clairage diffus, les choix s&rsquo;\u00e9tendent [&hellip;]<\/p>\n","protected":false},"featured_media":21487,"template":"","meta":{"_acf_changed":false,"_et_pb_use_builder":"","_et_pb_old_content":"","_et_gb_content_width":"","_cloudinary_featured_overwrite":false},"product_brand":[],"product_cat":[15,4459],"product_tag":[3926],"class_list":{"0":"post-22486","1":"product","2":"type-product","3":"status-publish","4":"has-post-thumbnail","6":"product_cat-produits","7":"product_cat-eclairage","8":"product_tag-lampe-frontale","10":"first","11":"outofstock","12":"shipping-taxable","13":"product-type-simple"},"acf":[],"amp_enabled":false,"_links":{"self":[{"href":"https:\/\/www.hanger-tools.fr\/index.php?rest_route=\/wp\/v2\/product\/22486","targetHints":{"allow":["GET"]}}],"collection":[{"href":"https:\/\/www.hanger-tools.fr\/index.php?rest_route=\/wp\/v2\/product"}],"about":[{"href":"https:\/\/www.hanger-tools.fr\/index.php?rest_route=\/wp\/v2\/types\/product"}],"wp:featuredmedia":[{"embeddable":true,"href":"https:\/\/www.hanger-tools.fr\/index.php?rest_route=\/wp\/v2\/media\/21487"}],"wp:attachment":[{"href":"https:\/\/www.hanger-tools.fr\/index.php?rest_route=%2Fwp%2Fv2%2Fmedia&parent=22486"}],"wp:term":[{"taxonomy":"product_brand","embeddable":true,"href":"https:\/\/www.hanger-tools.fr\/index.php?rest_route=%2Fwp%2Fv2%2Fproduct_brand&post=22486"},{"taxonomy":"product_cat","embeddable":true,"href":"https:\/\/www.hanger-tools.fr\/index.php?rest_route=%2Fwp%2Fv2%2Fproduct_cat&post=22486"},{"taxonomy":"product_tag","embeddable":true,"href":"https:\/\/www.hanger-tools.fr\/index.php?rest_route=%2Fwp%2Fv2%2Fproduct_tag&post=22486"}],"curies":[{"name":"wp","href":"https:\/\/api.w.org\/{rel}","templated":true}]}}