{"id":22492,"date":"2025-08-04T08:34:49","date_gmt":"2025-08-04T08:34:49","guid":{"rendered":"https:\/\/www.hanger-tools.com\/?product=projecteur-de-chantier-led-50-w-4500-lm-hanger-170506"},"modified":"2025-10-31T09:29:38","modified_gmt":"2025-10-31T09:29:38","slug":"projecteur-de-chantier-led-50-w-4500-lm-hanger-170506","status":"publish","type":"product","link":"https:\/\/www.hanger-tools.fr\/?product=projecteur-de-chantier-led-50-w-4500-lm-hanger-170506","title":{"rendered":"Projecteur de chantier LED 50 W 4500 lm HANGER 170506"},"content":{"rendered":"<p>Le projecteur de chantier LED filaire de Hanger offre une luminosit\u00e9 \u00e9lev\u00e9e avec ses 4500 lumens et une puissance de 50 W, id\u00e9ale pour \u00e9clairer efficacement les espaces de travail. Gr\u00e2ce \u00e0 son angle d\u2019inclinaison de 120\u00b0, il diffuse une lumi\u00e8re homog\u00e8ne qui couvre une large zone, m\u00eame dans des conditions de faible \u00e9clairage. C\u2019est donc l\u2019outil parfait pour tous les travaux n\u00e9cessitant une visibilit\u00e9 optimale.<\/p>\n<h3>Robustesse et praticit\u00e9 au quotidien&#038;nbsp,:<\/h3>\n<p>Con\u00e7u pour r\u00e9sister aux environnements exigeants, ce projecteur garantit une protection contre la poussi\u00e8re et les jets d\u2019eau. Sa structure robuste permet une utilisation dans des temp\u00e9ratures extr\u00eames allant de -20 \u00b0C \u00e0 +50 \u00b0C. En plus de cela, avec une dur\u00e9e de vie impressionnante de 10 000 heures, il accompagne ra durablement l\u2019utilisateur sur tous les chantiers.<\/p>\n<h3>Un design fonctionnel et ergonomique&#038;nbsp,:<\/h3>\n<p>Malgr\u00e9 sa robustesse, le projecteur reste maniable avec un poids de 3,06 kg, ce qui facilite son transport et son installation. De plus, son c\u00e2ble de 3 m\u00e8tres assure une libert\u00e9 de mouvement accrue. En somme, filaire et fiable, il garantit une utilisation continue sans souci de batterie, tout en offrant une intensit\u00e9 lumineuse constante pour travailler efficacement, peu importe les conditions.<\/p>\n<p>&#038;nbsp,<\/p>\n<h3>Caract\u00e9ristiques techniques&#038;nbsp,:<\/h3>\n<ul>\n<li>Inclinaison : 120\u00b0<\/li>\n<li>Projecteur filaire de 50 W<\/li>\n<li>Puissance d&rsquo;\u00e9clairage : 4500 lumens<\/li>\n<li>C\u00e2ble de 3 m\u00e8tres<\/li>\n<li>Dur\u00e9e de vie : 10000 heures<\/li>\n<li>Dimension&#038;nbsp,: 35 x 18,5 x 40 mm<\/li>\n<li>Poids&#038;nbsp,: 3,06 kg<\/li>\n<\/ul>\n","protected":false},"excerpt":{"rendered":"<p>Le projecteur de chantier LED filaire de Hanger offre une luminosit\u00e9 \u00e9lev\u00e9e avec ses 4500 lumens et une puissance de 50 W, id\u00e9ale pour \u00e9clairer efficacement les espaces de travail. Gr\u00e2ce \u00e0 son angle d\u2019inclinaison de 120\u00b0, il diffuse une lumi\u00e8re homog\u00e8ne qui couvre une large zone, m\u00eame dans des conditions de faible \u00e9clairage. C\u2019est [&hellip;]<\/p>\n","protected":false},"featured_media":21769,"template":"","meta":{"_acf_changed":false,"_et_pb_use_builder":"","_et_pb_old_content":"","_et_gb_content_width":"","_cloudinary_featured_overwrite":false},"product_brand":[],"product_cat":[15,4459],"product_tag":[4031],"class_list":{"0":"post-22492","1":"product","2":"type-product","3":"status-publish","4":"has-post-thumbnail","6":"product_cat-produits","7":"product_cat-eclairage","8":"product_tag-eclairage-de-chantier","10":"first","11":"outofstock","12":"shipping-taxable","13":"product-type-simple"},"acf":[],"amp_enabled":false,"_links":{"self":[{"href":"https:\/\/www.hanger-tools.fr\/index.php?rest_route=\/wp\/v2\/product\/22492","targetHints":{"allow":["GET"]}}],"collection":[{"href":"https:\/\/www.hanger-tools.fr\/index.php?rest_route=\/wp\/v2\/product"}],"about":[{"href":"https:\/\/www.hanger-tools.fr\/index.php?rest_route=\/wp\/v2\/types\/product"}],"wp:featuredmedia":[{"embeddable":true,"href":"https:\/\/www.hanger-tools.fr\/index.php?rest_route=\/wp\/v2\/media\/21769"}],"wp:attachment":[{"href":"https:\/\/www.hanger-tools.fr\/index.php?rest_route=%2Fwp%2Fv2%2Fmedia&parent=22492"}],"wp:term":[{"taxonomy":"product_brand","embeddable":true,"href":"https:\/\/www.hanger-tools.fr\/index.php?rest_route=%2Fwp%2Fv2%2Fproduct_brand&post=22492"},{"taxonomy":"product_cat","embeddable":true,"href":"https:\/\/www.hanger-tools.fr\/index.php?rest_route=%2Fwp%2Fv2%2Fproduct_cat&post=22492"},{"taxonomy":"product_tag","embeddable":true,"href":"https:\/\/www.hanger-tools.fr\/index.php?rest_route=%2Fwp%2Fv2%2Fproduct_tag&post=22492"}],"curies":[{"name":"wp","href":"https:\/\/api.w.org\/{rel}","templated":true}]}}