{"id":22512,"date":"2025-08-04T08:35:07","date_gmt":"2025-08-04T08:35:07","guid":{"rendered":"https:\/\/www.hanger-tools.com\/?product=support-de-telephone-pour-voiture-hanger-900001"},"modified":"2025-08-06T10:01:06","modified_gmt":"2025-08-06T10:01:06","slug":"support-de-telephone-pour-voiture-hanger-900001","status":"publish","type":"product","link":"https:\/\/www.hanger-tools.fr\/?product=support-de-telephone-pour-voiture-hanger-900001","title":{"rendered":"Support de t\u00e9l\u00e9phone pour voiture &#8211; Hanger &#8211; 900001"},"content":{"rendered":"<p>Support de t\u00e9l\u00e9phone r\u00e9glable pour v\u00e9hicule avec ventouse multi-angle ajustable. Son support universel est rotatif \u00e0 360\u00b0.<\/p>\n","protected":false},"excerpt":{"rendered":"<p>Support de t\u00e9l\u00e9phone r\u00e9glable pour v\u00e9hicule avec ventouse multi-angle ajustable. Son support universel est rotatif \u00e0 360\u00b0.<\/p>\n","protected":false},"featured_media":21562,"template":"","meta":{"_acf_changed":false,"_et_pb_use_builder":"","_et_pb_old_content":"","_et_gb_content_width":"","_cloudinary_featured_overwrite":false},"product_brand":[],"product_cat":[15],"product_tag":[4039],"class_list":{"0":"post-22512","1":"product","2":"type-product","3":"status-publish","4":"has-post-thumbnail","6":"product_cat-produits","7":"product_tag-support","9":"first","10":"outofstock","11":"shipping-taxable","12":"product-type-simple"},"acf":[],"amp_enabled":false,"_links":{"self":[{"href":"https:\/\/www.hanger-tools.fr\/index.php?rest_route=\/wp\/v2\/product\/22512","targetHints":{"allow":["GET"]}}],"collection":[{"href":"https:\/\/www.hanger-tools.fr\/index.php?rest_route=\/wp\/v2\/product"}],"about":[{"href":"https:\/\/www.hanger-tools.fr\/index.php?rest_route=\/wp\/v2\/types\/product"}],"wp:featuredmedia":[{"embeddable":true,"href":"https:\/\/www.hanger-tools.fr\/index.php?rest_route=\/wp\/v2\/media\/21562"}],"wp:attachment":[{"href":"https:\/\/www.hanger-tools.fr\/index.php?rest_route=%2Fwp%2Fv2%2Fmedia&parent=22512"}],"wp:term":[{"taxonomy":"product_brand","embeddable":true,"href":"https:\/\/www.hanger-tools.fr\/index.php?rest_route=%2Fwp%2Fv2%2Fproduct_brand&post=22512"},{"taxonomy":"product_cat","embeddable":true,"href":"https:\/\/www.hanger-tools.fr\/index.php?rest_route=%2Fwp%2Fv2%2Fproduct_cat&post=22512"},{"taxonomy":"product_tag","embeddable":true,"href":"https:\/\/www.hanger-tools.fr\/index.php?rest_route=%2Fwp%2Fv2%2Fproduct_tag&post=22512"}],"curies":[{"name":"wp","href":"https:\/\/api.w.org\/{rel}","templated":true}]}}