{"id":22523,"date":"2025-08-04T08:35:17","date_gmt":"2025-08-04T08:35:17","guid":{"rendered":"https:\/\/www.hanger-tools.com\/?product=degraissant-industriel-400-ml-avec-cobra-rouge-hanger-700104"},"modified":"2025-10-28T13:35:23","modified_gmt":"2025-10-28T13:35:23","slug":"degraissant-industriel-400-ml-avec-cobra-rouge-hanger-700104","status":"publish","type":"product","link":"https:\/\/www.hanger-tools.fr\/?product=degraissant-industriel-400-ml-avec-cobra-rouge-hanger-700104","title":{"rendered":"D\u00e9graissant industriel 400 ml avec cobra rouge HANGER 700104"},"content":{"rendered":"<p>Le d\u00e9graissant industriel avec cobra rouge de la marque Hanger est un produit de haute performance en format 400 ml, con\u00e7u pour r\u00e9pondre aux besoins de nettoyage les plus exigeants. Sp\u00e9cialement formul\u00e9 pour le d\u00e9graissage \u00e0 froid, ce produit offre un s\u00e9chage rapide, garantissant efficacit\u00e9 et rapidit\u00e9.<\/p>\n<p>Gr\u00e2ce \u00e0 son utilisation multiposition, ce d\u00e9graissant peut \u00eatre appliqu\u00e9 aussi bien t\u00eate en haut que t\u00eate en bas, offrant une flexibilit\u00e9 \u00e9lev\u00e9e pour atteindre les zones difficiles d&rsquo;acc\u00e8s. Id\u00e9al pour \u00e9liminer les salissures tenaces, les traces de r\u00e9sine, de lubrifiant, de carbone et les fines particules d&rsquo;oxydes, il assure un nettoyage en profondeur des substrats trait\u00e9s.<\/p>\n<p>&#038;nbsp,<\/p>\n<h3>Caract\u00e9ristique technique&#038;nbsp,:<\/h3>\n<ul>\n<li>Contenance&#038;nbsp,: 400 ml<\/li>\n<\/ul>\n<p>&#038;nbsp,<\/p>\n<h3>Utilisations :<\/h3>\n<ul>\n<li>D\u00e9graissage \u00e0 froid des pi\u00e8ces m\u00e9talliques en industrie<\/li>\n<li>Pour les moteurs de voiture et de camion, moteurs de roulement ou paliers, \u00e9lectrom\u00e9canique hors tension<\/li>\n<\/ul>\n","protected":false},"excerpt":{"rendered":"<p>Une solution indispensable pour maintenir leurs \u00e9quipements et surfaces impeccables !<\/p>\n","protected":false},"featured_media":22171,"template":"","meta":{"_acf_changed":false,"_et_pb_use_builder":"","_et_pb_old_content":"","_et_gb_content_width":"","_cloudinary_featured_overwrite":false},"product_brand":[],"product_cat":[15],"product_tag":[4043],"class_list":{"0":"post-22523","1":"product","2":"type-product","3":"status-publish","4":"has-post-thumbnail","6":"product_cat-produits","7":"product_tag-degraissant","9":"first","10":"outofstock","11":"shipping-taxable","12":"product-type-simple"},"acf":[],"amp_enabled":false,"_links":{"self":[{"href":"https:\/\/www.hanger-tools.fr\/index.php?rest_route=\/wp\/v2\/product\/22523","targetHints":{"allow":["GET"]}}],"collection":[{"href":"https:\/\/www.hanger-tools.fr\/index.php?rest_route=\/wp\/v2\/product"}],"about":[{"href":"https:\/\/www.hanger-tools.fr\/index.php?rest_route=\/wp\/v2\/types\/product"}],"wp:featuredmedia":[{"embeddable":true,"href":"https:\/\/www.hanger-tools.fr\/index.php?rest_route=\/wp\/v2\/media\/22171"}],"wp:attachment":[{"href":"https:\/\/www.hanger-tools.fr\/index.php?rest_route=%2Fwp%2Fv2%2Fmedia&parent=22523"}],"wp:term":[{"taxonomy":"product_brand","embeddable":true,"href":"https:\/\/www.hanger-tools.fr\/index.php?rest_route=%2Fwp%2Fv2%2Fproduct_brand&post=22523"},{"taxonomy":"product_cat","embeddable":true,"href":"https:\/\/www.hanger-tools.fr\/index.php?rest_route=%2Fwp%2Fv2%2Fproduct_cat&post=22523"},{"taxonomy":"product_tag","embeddable":true,"href":"https:\/\/www.hanger-tools.fr\/index.php?rest_route=%2Fwp%2Fv2%2Fproduct_tag&post=22523"}],"curies":[{"name":"wp","href":"https:\/\/api.w.org\/{rel}","templated":true}]}}