{"id":22524,"date":"2025-08-04T08:35:18","date_gmt":"2025-08-04T08:35:18","guid":{"rendered":"https:\/\/www.hanger-tools.com\/?product=mousse-nettoyante-haute-performance-hanger-500-ml-hanger-700101"},"modified":"2025-10-28T13:35:52","modified_gmt":"2025-10-28T13:35:52","slug":"mousse-nettoyante-haute-performance-hanger-500-ml-hanger-700101","status":"publish","type":"product","link":"https:\/\/www.hanger-tools.fr\/?product=mousse-nettoyante-haute-performance-hanger-500-ml-hanger-700101","title":{"rendered":"Mousse nettoyante haute performance Hanger 500 ml HANGER 700101"},"content":{"rendered":"<p>La mousse nettoyante haute performance de la marque Hanger est un d\u00e9tergent puissant con\u00e7u pour r\u00e9pondre \u00e0 tous les besoins de nettoyage. Pr\u00e9sent\u00e9e sous forme de m\u00e9lange, cette mousse assure une efficacit\u00e9 optimale pour \u00e9liminer les salissures tenaces sur diverses surfaces.<\/p>\n<p>Elle se distingue par sa haute teneur en COV de 179 g\/l (19.1 %), garantissant une performance de nettoyage \u00e9lev\u00e9e. Avec 16 % de composants inflammables, ce produit allie puissance et s\u00e9curit\u00e9 pour un usage quotidien.<\/p>\n<p>&#038;nbsp,<\/p>\n<p><b>Caract\u00e9ristiques techniques&#038;nbsp,:<\/b><\/p>\n<ul>\n<li>Forme du produit : m\u00e9lange<\/li>\n<li>Type de produit : d\u00e9tergent<\/li>\n<li>Teneur en COV : 179 g\/l (19.1 %)<\/li>\n<li>Composants inflammables : 16 %<\/li>\n<\/ul>\n","protected":false},"excerpt":{"rendered":"<p>Efficacit\u00e9 optimale pour \u00e9liminer les salissures tenaces !<\/p>\n","protected":false},"featured_media":22170,"template":"","meta":{"_acf_changed":false,"_et_pb_use_builder":"","_et_pb_old_content":"","_et_gb_content_width":"","_cloudinary_featured_overwrite":false},"product_brand":[],"product_cat":[15],"product_tag":[4050],"class_list":{"0":"post-22524","1":"product","2":"type-product","3":"status-publish","4":"has-post-thumbnail","6":"product_cat-produits","7":"product_tag-mousse","9":"first","10":"outofstock","11":"shipping-taxable","12":"product-type-simple"},"acf":[],"amp_enabled":false,"_links":{"self":[{"href":"https:\/\/www.hanger-tools.fr\/index.php?rest_route=\/wp\/v2\/product\/22524","targetHints":{"allow":["GET"]}}],"collection":[{"href":"https:\/\/www.hanger-tools.fr\/index.php?rest_route=\/wp\/v2\/product"}],"about":[{"href":"https:\/\/www.hanger-tools.fr\/index.php?rest_route=\/wp\/v2\/types\/product"}],"wp:featuredmedia":[{"embeddable":true,"href":"https:\/\/www.hanger-tools.fr\/index.php?rest_route=\/wp\/v2\/media\/22170"}],"wp:attachment":[{"href":"https:\/\/www.hanger-tools.fr\/index.php?rest_route=%2Fwp%2Fv2%2Fmedia&parent=22524"}],"wp:term":[{"taxonomy":"product_brand","embeddable":true,"href":"https:\/\/www.hanger-tools.fr\/index.php?rest_route=%2Fwp%2Fv2%2Fproduct_brand&post=22524"},{"taxonomy":"product_cat","embeddable":true,"href":"https:\/\/www.hanger-tools.fr\/index.php?rest_route=%2Fwp%2Fv2%2Fproduct_cat&post=22524"},{"taxonomy":"product_tag","embeddable":true,"href":"https:\/\/www.hanger-tools.fr\/index.php?rest_route=%2Fwp%2Fv2%2Fproduct_tag&post=22524"}],"curies":[{"name":"wp","href":"https:\/\/api.w.org\/{rel}","templated":true}]}}