{"id":22527,"date":"2025-08-04T08:35:20","date_gmt":"2025-08-04T08:35:20","guid":{"rendered":"https:\/\/www.hanger-tools.com\/?product=adherent-courroies-500-ml-hanger-700701"},"modified":"2025-10-31T08:15:54","modified_gmt":"2025-10-31T08:15:54","slug":"adherent-courroies-500-ml-hanger-700701","status":"publish","type":"product","link":"https:\/\/www.hanger-tools.fr\/?product=adherent-courroies-500-ml-hanger-700701","title":{"rendered":"Adh\u00e9rent courroies 500 ml HANGER 700701"},"content":{"rendered":"<p>L\u2019adh\u00e9rent courroies COBRA ROUGE de marque Hanger est con\u00e7u pour am\u00e9liorer l\u2019accroche des courroies et tapis sur les syst\u00e8mes en mouvement. Gr\u00e2ce \u00e0 sa formulation \u00e0 base de r\u00e9sine tackifiante sans solvant chlor\u00e9, il limite les glissements tout en r\u00e9duisant l\u2019usure m\u00e9canique. Ce produit s\u2019adapte \u00e0 une grande vari\u00e9t\u00e9 de mat\u00e9riaux comme le tissu, le caoutchouc, le cuir ou le toil\u00e9, et convient aux courroies crant\u00e9es, plates ou rondes. Facile \u00e0 appliquer, il s\u2019utilise \u00e0 froid sur les surfaces concern\u00e9es, y compris poulies et roulements, avant la mise en marche des \u00e9quipements. Sa texture liquide jaune assure une r\u00e9partition homog\u00e8ne et un fort pouvoir d\u2019adh\u00e9rence d\u00e8s les premiers instants.<\/p>\n<p>&#038;nbsp,<\/p>\n<h3>Caract\u00e9ristiques techniques<\/h3>\n<ul>\n<li>Pouvoir collant : tr\u00e8s \u00e9lev\u00e9<\/li>\n<li>Densit\u00e9 : 0,72<\/li>\n<li>Extrait sec : 17 %<\/li>\n<li>Contenance : 500 ml<\/li>\n<li>Formule : r\u00e9sine tackifiante en milieu solvant sans chlore<\/li>\n<\/ul>\n<p>&#038;nbsp,<\/p>\n<h3>Compatibilit\u00e9&#038;nbsp,:<\/h3>\n<ul>\n<li>Compatibilit\u00e9 : courroies en tissu, caoutchouc, cuir, toil\u00e9<\/li>\n<li>Formes compatibles : crant\u00e9e, plate, ronde<\/li>\n<\/ul>\n","protected":false},"excerpt":{"rendered":"<p>L\u2019adh\u00e9rent courroies COBRA ROUGE de marque Hanger est con\u00e7u pour am\u00e9liorer l\u2019accroche des courroies et tapis sur les syst\u00e8mes en mouvement. Gr\u00e2ce \u00e0 sa formulation \u00e0 base de r\u00e9sine tackifiante sans solvant chlor\u00e9, il limite les glissements tout en r\u00e9duisant l\u2019usure m\u00e9canique. Ce produit s\u2019adapte \u00e0 une grande vari\u00e9t\u00e9 de mat\u00e9riaux comme le tissu, le [&hellip;]<\/p>\n","protected":false},"featured_media":22179,"template":"","meta":{"_acf_changed":false,"_et_pb_use_builder":"","_et_pb_old_content":"","_et_gb_content_width":"","_cloudinary_featured_overwrite":false},"product_brand":[],"product_cat":[15,4443,4441],"product_tag":[4045],"class_list":{"0":"post-22527","1":"product","2":"type-product","3":"status-publish","4":"has-post-thumbnail","6":"product_cat-produits","7":"product_cat-aerosols","8":"product_cat-consommables","9":"product_tag-lubrifiant","11":"first","12":"outofstock","13":"shipping-taxable","14":"product-type-simple"},"acf":[],"amp_enabled":false,"_links":{"self":[{"href":"https:\/\/www.hanger-tools.fr\/index.php?rest_route=\/wp\/v2\/product\/22527","targetHints":{"allow":["GET"]}}],"collection":[{"href":"https:\/\/www.hanger-tools.fr\/index.php?rest_route=\/wp\/v2\/product"}],"about":[{"href":"https:\/\/www.hanger-tools.fr\/index.php?rest_route=\/wp\/v2\/types\/product"}],"wp:featuredmedia":[{"embeddable":true,"href":"https:\/\/www.hanger-tools.fr\/index.php?rest_route=\/wp\/v2\/media\/22179"}],"wp:attachment":[{"href":"https:\/\/www.hanger-tools.fr\/index.php?rest_route=%2Fwp%2Fv2%2Fmedia&parent=22527"}],"wp:term":[{"taxonomy":"product_brand","embeddable":true,"href":"https:\/\/www.hanger-tools.fr\/index.php?rest_route=%2Fwp%2Fv2%2Fproduct_brand&post=22527"},{"taxonomy":"product_cat","embeddable":true,"href":"https:\/\/www.hanger-tools.fr\/index.php?rest_route=%2Fwp%2Fv2%2Fproduct_cat&post=22527"},{"taxonomy":"product_tag","embeddable":true,"href":"https:\/\/www.hanger-tools.fr\/index.php?rest_route=%2Fwp%2Fv2%2Fproduct_tag&post=22527"}],"curies":[{"name":"wp","href":"https:\/\/api.w.org\/{rel}","templated":true}]}}