{"id":22529,"date":"2025-08-04T08:35:21","date_gmt":"2025-08-04T08:35:21","guid":{"rendered":"https:\/\/www.hanger-tools.com\/?product=insecticide-choc-anti-guepes-et-frelons-750-ml-hanger-700601"},"modified":"2025-10-28T13:35:16","modified_gmt":"2025-10-28T13:35:16","slug":"insecticide-choc-anti-guepes-et-frelons-750-ml-hanger-700601","status":"publish","type":"product","link":"https:\/\/www.hanger-tools.fr\/?product=insecticide-choc-anti-guepes-et-frelons-750-ml-hanger-700601","title":{"rendered":"Insecticide choc anti-gu\u00eapes et frelons 750 ml HANGER 700601"},"content":{"rendered":"<p>L&rsquo;insecticide choc Hanger anti-gu\u00eapes et frelons est formul\u00e9 pour offrir une action rapide et cibl\u00e9e, \u00e9liminant efficacement les gu\u00eapes et les frelons en un temps record. Gr\u00e2ce \u00e0 sa formule puissante, ce produit permet de neutraliser rapidement ces nuisibles qui peuvent repr\u00e9senter un danger pour votre s\u00e9curit\u00e9 et celle de votre famille. Il agit directement sur les insectes, minimisant ainsi les risques de piq\u00fbres.<\/p>\n<p>Ce produit est sp\u00e9cialement con\u00e7u pour \u00eatre efficace contre les frelons europ\u00e9ens et asiatiques, deux esp\u00e8ces qui repr\u00e9sentent un risque majeur dans certaines r\u00e9gions. L&rsquo;insecticide agit rapidement sur ces frelons, qu&rsquo;ils soient en vol ou install\u00e9s sur leur nid. Il permet une \u00e9limination cibl\u00e9e et compl\u00e8te des colonies, contribuant \u00e0 la s\u00e9curit\u00e9 de votre environnement ext\u00e9rieur.<\/p>\n<p>Avec une port\u00e9e de 4 \u00e0 6 m\u00e8tres, cet insecticide permet de traiter les nids de gu\u00eapes et frelons \u00e0 distance, garantissant ainsi une s\u00e9curit\u00e9 maximale lors de l&rsquo;application. Il est facile \u00e0 utiliser gr\u00e2ce \u00e0 son design ergonomique, ce qui permet une utilisation pratique et rapide, m\u00eame dans des situations d&rsquo;urgence. Le produit est \u00e9galement fabriqu\u00e9 en France, assurant un contr\u00f4le de qualit\u00e9 strict et une fiabilit\u00e9 \u00e0 toute \u00e9preuve.<\/p>\n<p>&#038;nbsp,<\/p>\n<h3>Caract\u00e9ristiques techniques&#038;nbsp,:<\/h3>\n<ul>\n<li>Conditionnement&#038;nbsp,: a\u00e9rosol<\/li>\n<li>Contenance&#038;nbsp,: 750 ml<\/li>\n<\/ul>\n","protected":false},"excerpt":{"rendered":"<p>Un produit puissant pour \u00e9liminer rapidement les gu\u00eapes et les frelons.<\/p>\n","protected":false},"featured_media":22178,"template":"","meta":{"_acf_changed":false,"_et_pb_use_builder":"","_et_pb_old_content":"","_et_gb_content_width":"","_cloudinary_featured_overwrite":false},"product_brand":[],"product_cat":[15],"product_tag":[4058],"class_list":{"0":"post-22529","1":"product","2":"type-product","3":"status-publish","4":"has-post-thumbnail","6":"product_cat-produits","7":"product_tag-insecticide","9":"first","10":"outofstock","11":"shipping-taxable","12":"product-type-simple"},"acf":[],"amp_enabled":false,"_links":{"self":[{"href":"https:\/\/www.hanger-tools.fr\/index.php?rest_route=\/wp\/v2\/product\/22529","targetHints":{"allow":["GET"]}}],"collection":[{"href":"https:\/\/www.hanger-tools.fr\/index.php?rest_route=\/wp\/v2\/product"}],"about":[{"href":"https:\/\/www.hanger-tools.fr\/index.php?rest_route=\/wp\/v2\/types\/product"}],"wp:featuredmedia":[{"embeddable":true,"href":"https:\/\/www.hanger-tools.fr\/index.php?rest_route=\/wp\/v2\/media\/22178"}],"wp:attachment":[{"href":"https:\/\/www.hanger-tools.fr\/index.php?rest_route=%2Fwp%2Fv2%2Fmedia&parent=22529"}],"wp:term":[{"taxonomy":"product_brand","embeddable":true,"href":"https:\/\/www.hanger-tools.fr\/index.php?rest_route=%2Fwp%2Fv2%2Fproduct_brand&post=22529"},{"taxonomy":"product_cat","embeddable":true,"href":"https:\/\/www.hanger-tools.fr\/index.php?rest_route=%2Fwp%2Fv2%2Fproduct_cat&post=22529"},{"taxonomy":"product_tag","embeddable":true,"href":"https:\/\/www.hanger-tools.fr\/index.php?rest_route=%2Fwp%2Fv2%2Fproduct_tag&post=22529"}],"curies":[{"name":"wp","href":"https:\/\/api.w.org\/{rel}","templated":true}]}}