{"id":24189,"date":"2025-10-28T08:34:03","date_gmt":"2025-10-28T08:34:03","guid":{"rendered":"https:\/\/www.hanger-tools.com\/?product=jeu-de-9-cles-males-hanger-etoile-percee-magnetique-2"},"modified":"2025-10-31T09:15:47","modified_gmt":"2025-10-31T09:15:47","slug":"jeu-de-9-cles-males-hanger-etoile-percee-magnetique-2","status":"publish","type":"product","link":"https:\/\/www.hanger-tools.fr\/?product=jeu-de-9-cles-males-hanger-etoile-percee-magnetique-2","title":{"rendered":"Jeu de 9 cl\u00e9s m\u00e2les Hanger \u00e9toile perc\u00e9e magn\u00e9tique"},"content":{"rendered":"<p><strong>Caract\u00e9ristiques techniques :<\/strong><\/p>\n<ul>\n<li>Monture : plastique avec clip ceinture.<\/li>\n<li>Nombre : 9 cl\u00e9s m\u00e2les magn\u00e9tiques longues.<\/li>\n<li>Dimensions : T10 &#8211; T15 &#8211; T20 &#8211; T25 &#8211; T27 &#8211; T30 &#8211; T40 &#8211; T45 &#8211; T50.<\/li>\n<li>T\u00eate : \u00e9toile perc\u00e9e<\/li>\n<li>Coloris : rouge.<\/li>\n<\/ul>\n<p><strong>Livr\u00e9s avec :<\/strong><\/p>\n<ul>\n<li>\u00c9tui.<\/li>\n<\/ul>\n","protected":false},"excerpt":{"rendered":"<p>nan<\/p>\n","protected":false},"featured_media":24188,"template":"","meta":{"_acf_changed":false,"_et_pb_use_builder":"","_et_pb_old_content":"","_et_gb_content_width":"","_cloudinary_featured_overwrite":false},"product_brand":[],"product_cat":[15,4451,4447],"product_tag":[4066],"class_list":{"0":"post-24189","1":"product","2":"type-product","3":"status-publish","4":"has-post-thumbnail","6":"product_cat-produits","7":"product_cat-cles","8":"product_cat-outils-a-mains","9":"product_tag-hanger","11":"first","12":"instock","13":"shipping-taxable","14":"purchasable","15":"product-type-simple"},"acf":[],"amp_enabled":false,"_links":{"self":[{"href":"https:\/\/www.hanger-tools.fr\/index.php?rest_route=\/wp\/v2\/product\/24189","targetHints":{"allow":["GET"]}}],"collection":[{"href":"https:\/\/www.hanger-tools.fr\/index.php?rest_route=\/wp\/v2\/product"}],"about":[{"href":"https:\/\/www.hanger-tools.fr\/index.php?rest_route=\/wp\/v2\/types\/product"}],"wp:featuredmedia":[{"embeddable":true,"href":"https:\/\/www.hanger-tools.fr\/index.php?rest_route=\/wp\/v2\/media\/24188"}],"wp:attachment":[{"href":"https:\/\/www.hanger-tools.fr\/index.php?rest_route=%2Fwp%2Fv2%2Fmedia&parent=24189"}],"wp:term":[{"taxonomy":"product_brand","embeddable":true,"href":"https:\/\/www.hanger-tools.fr\/index.php?rest_route=%2Fwp%2Fv2%2Fproduct_brand&post=24189"},{"taxonomy":"product_cat","embeddable":true,"href":"https:\/\/www.hanger-tools.fr\/index.php?rest_route=%2Fwp%2Fv2%2Fproduct_cat&post=24189"},{"taxonomy":"product_tag","embeddable":true,"href":"https:\/\/www.hanger-tools.fr\/index.php?rest_route=%2Fwp%2Fv2%2Fproduct_tag&post=24189"}],"curies":[{"name":"wp","href":"https:\/\/api.w.org\/{rel}","templated":true}]}}