{"id":24234,"date":"2025-10-28T08:35:56","date_gmt":"2025-10-28T08:35:56","guid":{"rendered":"https:\/\/www.hanger-tools.com\/?product=pince-etau-grande-capacite-hanger-233012-2"},"modified":"2025-10-31T09:05:12","modified_gmt":"2025-10-31T09:05:12","slug":"pince-etau-grande-capacite-hanger-233012-2","status":"publish","type":"product","link":"https:\/\/www.hanger-tools.fr\/?product=pince-etau-grande-capacite-hanger-233012-2","title":{"rendered":"Pince \u00e9tau grande capacit\u00e9 HANGER 233012"},"content":{"rendered":"<p>Cette pince \u00e9tau grande capacit\u00e9 de la marque Hanger a une force de serrage jusque 290 daN. Elle dispose de 4 cr\u00e9maill\u00e8res pour serrer toutes les formes. De plus, le serrage des m\u00e2choires est toujours parall\u00e8le. La pince \u00e9tau Hanger se d\u00e9verrouille d&rsquo;une seule et sans \u00e0 coups, par levier arri\u00e8re.<\/p>\n<p><\/p>\n<p><strong>Caract\u00e9ristiques techniques :<\/strong><\/p>\n<ul>\n<li>Puissance de serrage r\u00e9glable par molette<\/li>\n<li>Cr\u00e9maill\u00e8re 4 positions pour serrer toutes les formes<\/li>\n<li>Protection des mors par cataphor\u00e8se<\/li>\n<li>Rev\u00eatement technique haute protection contre la corrosion<\/li>\n<li>Serrage avec des mors toujours parall\u00e8les<\/li>\n<li>Mors en acier forg\u00e9, rainur\u00e9s, tremp\u00e9s avec denture \u00e0 58\/60HRC<\/li>\n<li>Force de serrage : jusque 290 daN<\/li>\n<li>Largeur des mors : 16 mm<\/li>\n<\/ul>\n","protected":false},"excerpt":{"rendered":"<p>nan<\/p>\n","protected":false},"featured_media":24233,"template":"","meta":{"_acf_changed":false,"_et_pb_use_builder":"","_et_pb_old_content":"","_et_gb_content_width":"","_cloudinary_featured_overwrite":false},"product_brand":[],"product_cat":[15,4450],"product_tag":[4066],"class_list":{"0":"post-24234","1":"product","2":"type-product","3":"status-publish","4":"has-post-thumbnail","6":"product_cat-produits","7":"product_cat-pinces","8":"product_tag-hanger","10":"first","11":"instock","12":"shipping-taxable","13":"purchasable","14":"product-type-simple"},"acf":[],"amp_enabled":false,"_links":{"self":[{"href":"https:\/\/www.hanger-tools.fr\/index.php?rest_route=\/wp\/v2\/product\/24234","targetHints":{"allow":["GET"]}}],"collection":[{"href":"https:\/\/www.hanger-tools.fr\/index.php?rest_route=\/wp\/v2\/product"}],"about":[{"href":"https:\/\/www.hanger-tools.fr\/index.php?rest_route=\/wp\/v2\/types\/product"}],"wp:featuredmedia":[{"embeddable":true,"href":"https:\/\/www.hanger-tools.fr\/index.php?rest_route=\/wp\/v2\/media\/24233"}],"wp:attachment":[{"href":"https:\/\/www.hanger-tools.fr\/index.php?rest_route=%2Fwp%2Fv2%2Fmedia&parent=24234"}],"wp:term":[{"taxonomy":"product_brand","embeddable":true,"href":"https:\/\/www.hanger-tools.fr\/index.php?rest_route=%2Fwp%2Fv2%2Fproduct_brand&post=24234"},{"taxonomy":"product_cat","embeddable":true,"href":"https:\/\/www.hanger-tools.fr\/index.php?rest_route=%2Fwp%2Fv2%2Fproduct_cat&post=24234"},{"taxonomy":"product_tag","embeddable":true,"href":"https:\/\/www.hanger-tools.fr\/index.php?rest_route=%2Fwp%2Fv2%2Fproduct_tag&post=24234"}],"curies":[{"name":"wp","href":"https:\/\/api.w.org\/{rel}","templated":true}]}}