{"id":24365,"date":"2025-10-28T08:41:59","date_gmt":"2025-10-28T08:41:59","guid":{"rendered":"https:\/\/www.hanger-tools.com\/?product=escabeau-aluminium-maxibat-7-marches-hanger-100204"},"modified":"2025-10-29T09:22:35","modified_gmt":"2025-10-29T09:22:35","slug":"escabeau-aluminium-maxibat-7-marches-hanger-100204","status":"publish","type":"product","link":"https:\/\/www.hanger-tools.fr\/?product=escabeau-aluminium-maxibat-7-marches-hanger-100204","title":{"rendered":"Escabeau aluminium &lsquo;MaxiBat&rsquo; 7 marches HANGER 100204"},"content":{"rendered":"<p>Le marchepied MAXIBAT de la marque Hanger dispose de marches de 80 mm d&rsquo;\u00e9paisseur, garantissant un \u00e9quilibre optimal. Il est \u00e9quip\u00e9 d&rsquo;un porte outils avec crochet porte seau et d&rsquo;un logement pour perceuse. Cet outil est con\u00e7u pour des travaux intensifs gr\u00e2ce \u00e0 son repose pieds en aluminium moul\u00e9. Avec ses sabots enveloppants haute s\u00e9curit\u00e9, le MAXIBAT de Hanger offre une grande stabilit\u00e9 au sol.<\/p>\n<p>\u00a0<\/p>\n<p><b>Caract\u00e9ristiques techniques :<\/b><\/p>\n<ul>\n<li>Mati\u00e8re : aluminium<\/li>\n<li>\u00c9paisseur des marches : 80 mm<\/li>\n<li>Repose pieds : 280 x 250 mm<\/li>\n<\/ul>\n","protected":false},"excerpt":{"rendered":"<p>nan<\/p>\n","protected":false},"featured_media":24363,"template":"","meta":{"_acf_changed":false,"_et_pb_use_builder":"","_et_pb_old_content":"","_et_gb_content_width":"","_cloudinary_featured_overwrite":false},"product_brand":[],"product_cat":[15],"product_tag":[4066],"class_list":{"0":"post-24365","1":"product","2":"type-product","3":"status-publish","4":"has-post-thumbnail","6":"product_cat-produits","7":"product_tag-hanger","9":"first","10":"instock","11":"shipping-taxable","12":"purchasable","13":"product-type-simple"},"acf":[],"amp_enabled":false,"_links":{"self":[{"href":"https:\/\/www.hanger-tools.fr\/index.php?rest_route=\/wp\/v2\/product\/24365","targetHints":{"allow":["GET"]}}],"collection":[{"href":"https:\/\/www.hanger-tools.fr\/index.php?rest_route=\/wp\/v2\/product"}],"about":[{"href":"https:\/\/www.hanger-tools.fr\/index.php?rest_route=\/wp\/v2\/types\/product"}],"wp:featuredmedia":[{"embeddable":true,"href":"https:\/\/www.hanger-tools.fr\/index.php?rest_route=\/wp\/v2\/media\/24363"}],"wp:attachment":[{"href":"https:\/\/www.hanger-tools.fr\/index.php?rest_route=%2Fwp%2Fv2%2Fmedia&parent=24365"}],"wp:term":[{"taxonomy":"product_brand","embeddable":true,"href":"https:\/\/www.hanger-tools.fr\/index.php?rest_route=%2Fwp%2Fv2%2Fproduct_brand&post=24365"},{"taxonomy":"product_cat","embeddable":true,"href":"https:\/\/www.hanger-tools.fr\/index.php?rest_route=%2Fwp%2Fv2%2Fproduct_cat&post=24365"},{"taxonomy":"product_tag","embeddable":true,"href":"https:\/\/www.hanger-tools.fr\/index.php?rest_route=%2Fwp%2Fv2%2Fproduct_tag&post=24365"}],"curies":[{"name":"wp","href":"https:\/\/api.w.org\/{rel}","templated":true}]}}