{"id":24412,"date":"2025-10-28T08:44:13","date_gmt":"2025-10-28T08:44:13","guid":{"rendered":"https:\/\/www.hanger-tools.com\/?product=pince-a-denuder-automatique-hanger-2"},"modified":"2025-10-31T09:05:09","modified_gmt":"2025-10-31T09:05:09","slug":"pince-a-denuder-automatique-hanger-2","status":"publish","type":"product","link":"https:\/\/www.hanger-tools.fr\/?product=pince-a-denuder-automatique-hanger-2","title":{"rendered":"Pince \u00e0 d\u00e9nuder automatique Hanger"},"content":{"rendered":"<p>Pince \u00e0 d\u00e9nuder automatique pour tous les fils courants monobrin et multibrins. Coupe-fil lat\u00e9ral int\u00e9gr\u00e9 facile d&rsquo;acc\u00e8s, jusqu&rsquo;\u00e0 2 mm de diam\u00e8tre.<\/p>\n<p><strong>Caract\u00e9ristiques techniques : <\/strong><\/p>\n<ul>\n<li>Section de d\u00e9nudage : 0,2 \u00e0 6 mm\u00b2.<\/li>\n<li>Section de d\u00e9nudage AWG : 24 \u00e0 10.<\/li>\n<li>Longueur de d\u00e9nudage : 5 \u00e0 12 mm avec but\u00e9e de r\u00e9glage de la longueur. <\/li>\n<\/ul>\n","protected":false},"excerpt":{"rendered":"<p>nan<\/p>\n","protected":false},"featured_media":24411,"template":"","meta":{"_acf_changed":false,"_et_pb_use_builder":"","_et_pb_old_content":"","_et_gb_content_width":"","_cloudinary_featured_overwrite":false},"product_brand":[],"product_cat":[15,4450],"product_tag":[4066],"class_list":{"0":"post-24412","1":"product","2":"type-product","3":"status-publish","4":"has-post-thumbnail","6":"product_cat-produits","7":"product_cat-pinces","8":"product_tag-hanger","10":"first","11":"instock","12":"shipping-taxable","13":"purchasable","14":"product-type-simple"},"acf":[],"amp_enabled":false,"_links":{"self":[{"href":"https:\/\/www.hanger-tools.fr\/index.php?rest_route=\/wp\/v2\/product\/24412","targetHints":{"allow":["GET"]}}],"collection":[{"href":"https:\/\/www.hanger-tools.fr\/index.php?rest_route=\/wp\/v2\/product"}],"about":[{"href":"https:\/\/www.hanger-tools.fr\/index.php?rest_route=\/wp\/v2\/types\/product"}],"wp:featuredmedia":[{"embeddable":true,"href":"https:\/\/www.hanger-tools.fr\/index.php?rest_route=\/wp\/v2\/media\/24411"}],"wp:attachment":[{"href":"https:\/\/www.hanger-tools.fr\/index.php?rest_route=%2Fwp%2Fv2%2Fmedia&parent=24412"}],"wp:term":[{"taxonomy":"product_brand","embeddable":true,"href":"https:\/\/www.hanger-tools.fr\/index.php?rest_route=%2Fwp%2Fv2%2Fproduct_brand&post=24412"},{"taxonomy":"product_cat","embeddable":true,"href":"https:\/\/www.hanger-tools.fr\/index.php?rest_route=%2Fwp%2Fv2%2Fproduct_cat&post=24412"},{"taxonomy":"product_tag","embeddable":true,"href":"https:\/\/www.hanger-tools.fr\/index.php?rest_route=%2Fwp%2Fv2%2Fproduct_tag&post=24412"}],"curies":[{"name":"wp","href":"https:\/\/api.w.org\/{rel}","templated":true}]}}