{"id":24764,"date":"2025-10-28T08:58:49","date_gmt":"2025-10-28T08:58:49","guid":{"rendered":"https:\/\/www.hanger-tools.com\/?product=meuleuse-dangle-1250-w-mh13-125-coffret-hangbox-hanger-2"},"modified":"2025-10-31T09:44:45","modified_gmt":"2025-10-31T09:44:45","slug":"meuleuse-dangle-1250-w-mh13-125-coffret-hangbox-hanger-2","status":"publish","type":"product","link":"https:\/\/www.hanger-tools.fr\/?product=meuleuse-dangle-1250-w-mh13-125-coffret-hangbox-hanger-2","title":{"rendered":"Meuleuse d&rsquo;angle 1250 W MH13-125 + coffret HANGBOX HANGER"},"content":{"rendered":"<p>Cette meuleuse MH13-125 de Hanger est con\u00e7ue pour une dur\u00e9e de vie accrue et pour engendrer plus de puissance d&rsquo;entra\u00eenement. Elle poss\u00e8de une moteur ENDURO qui est prot\u00e9g\u00e9e contre la poussi\u00e8re brevet\u00e9e, et r\u00e9siste \u00e0 la surcharge 20 % plus \u00e9lev\u00e9e et au couple de rotation 50 % plus \u00e9lev\u00e9. D\u00e9sormais le changement de meule sans outil s&rsquo;effectue sur une simple pression de bouton gr\u00e2ce \u00e0 l&rsquo;\u00e9crou de serrage M-Quick. Capot de protection r\u00e9glable sans outil, avec fixation antitorsion.<\/p>\n<p>Le d\u00e9brayage de s\u00e9curit\u00e9 m\u00e9canique S-automatic minimise le rebond en cas de blocage de la meule au niveau le plus faible sur le march\u00e9 pour s\u00e9curiser l&rsquo;utilisateur et pour une reprise rapide du travail. De plus, la protection anti-red\u00e9marrage emp\u00eache tout d\u00e9marrage involontaire apr\u00e8s une coupure de courant. Aussi, il est possible de modifier la position de l&rsquo;interrupteur de 90\u00b0 (pour les gauchers, pour le tron\u00e7onnage ou pour l&rsquo;\u00e9barbage). Elle est dot\u00e9e d&rsquo;une balais autorupteurs pour la protection du moteur.<\/p>\n<p>\u00a0<\/p>\n<p><b>Caract\u00e9ristiques techniques :<\/b><\/p>\n<ul>\n<li>Moteur ENDURO avec protection contre la poussi\u00e8re<\/li>\n<li>Syst\u00e8me M-Quick<\/li>\n<li>D\u00e9brayage de s\u00e9curit\u00e9 m\u00e9canique S-automatic<\/li>\n<li>Position de l&rsquo;interrupteur modifiable \u00e0 90\u00b0<\/li>\n<li>Puissance\u00a0: 1250 W<\/li>\n<li>Puissance utile : 780 W<\/li>\n<li>Diam\u00e8tre disque\u00a0: 125 mm<\/li>\n<li>R\u00e9gime \u00e0 vide\u00a0: 11000 tr\/min<\/li>\n<li>Filet de la broche : M14<\/li>\n<li>Longueur de c\u00e2ble : 4 m<\/li>\n<li>Poids sans c\u00e2ble : 2,4 kg<\/li>\n<\/ul>\n<p><b>Rotation :<\/b><\/p>\n<ul>\n<li>Vitesse de rotation en charge nominale : 8000 tr\/min<\/li>\n<li>Couple de rotation : 3,4 Nm<\/li>\n<\/ul>\n<p>\u00a0<\/p>\n<p><b>Sons et vibrations :<\/b><\/p>\n<ul>\n<li>Incertitude de mesure K : 3 dB(A)<\/li>\n<li>Niveau de puissance acoustique\u00a0: 105 dB(A)<\/li>\n<li>Niveau sonore\u00a0: 94 dB<\/li>\n<\/ul>\n","protected":false},"excerpt":{"rendered":"<p>nan<\/p>\n","protected":false},"featured_media":24763,"template":"","meta":{"_acf_changed":false,"_et_pb_use_builder":"","_et_pb_old_content":"","_et_gb_content_width":"","_cloudinary_featured_overwrite":false},"product_brand":[],"product_cat":[15,4469,4471],"product_tag":[4066],"class_list":{"0":"post-24764","1":"product","2":"type-product","3":"status-publish","4":"has-post-thumbnail","6":"product_cat-produits","7":"product_cat-electroportatif","8":"product_cat-meuleuses","9":"product_tag-hanger","11":"first","12":"instock","13":"shipping-taxable","14":"purchasable","15":"product-type-simple"},"acf":[],"amp_enabled":false,"_links":{"self":[{"href":"https:\/\/www.hanger-tools.fr\/index.php?rest_route=\/wp\/v2\/product\/24764","targetHints":{"allow":["GET"]}}],"collection":[{"href":"https:\/\/www.hanger-tools.fr\/index.php?rest_route=\/wp\/v2\/product"}],"about":[{"href":"https:\/\/www.hanger-tools.fr\/index.php?rest_route=\/wp\/v2\/types\/product"}],"wp:featuredmedia":[{"embeddable":true,"href":"https:\/\/www.hanger-tools.fr\/index.php?rest_route=\/wp\/v2\/media\/24763"}],"wp:attachment":[{"href":"https:\/\/www.hanger-tools.fr\/index.php?rest_route=%2Fwp%2Fv2%2Fmedia&parent=24764"}],"wp:term":[{"taxonomy":"product_brand","embeddable":true,"href":"https:\/\/www.hanger-tools.fr\/index.php?rest_route=%2Fwp%2Fv2%2Fproduct_brand&post=24764"},{"taxonomy":"product_cat","embeddable":true,"href":"https:\/\/www.hanger-tools.fr\/index.php?rest_route=%2Fwp%2Fv2%2Fproduct_cat&post=24764"},{"taxonomy":"product_tag","embeddable":true,"href":"https:\/\/www.hanger-tools.fr\/index.php?rest_route=%2Fwp%2Fv2%2Fproduct_tag&post=24764"}],"curies":[{"name":"wp","href":"https:\/\/api.w.org\/{rel}","templated":true}]}}