{"id":24854,"date":"2025-10-28T09:01:34","date_gmt":"2025-10-28T09:01:34","guid":{"rendered":"https:\/\/www.hanger-tools.com\/?product=perforateur-sds-plus-900-w-hr3-28z-32-j-coffret-hanger-410501-2"},"modified":"2025-10-31T09:42:47","modified_gmt":"2025-10-31T09:42:47","slug":"perforateur-sds-plus-900-w-hr3-28z-32-j-coffret-hanger-410501-2","status":"publish","type":"product","link":"https:\/\/www.hanger-tools.fr\/?product=perforateur-sds-plus-900-w-hr3-28z-32-j-coffret-hanger-410501-2","title":{"rendered":"Perforateur SDS-Plus 900 W HR3-28Z 3,2 J + coffret HANGER 410501"},"content":{"rendered":"<p>Le perforateur SDS-Plus HR3-28Z de la marque Hanger est un outil robuste con\u00e7u pour les professionnels du b\u00e2timent et les bricoleurs exigeants. Avec une puissance nominale de 900 W et une \u00e9nergie d&rsquo;impact de 3,2 joules, cet appareil permet de percer facilement des mat\u00e9riaux durs tels que la ma\u00e7onnerie, le bois et l&rsquo;acier. Gr\u00e2ce \u00e0 sa capacit\u00e9 maximale de per\u00e7age de 28 mm dans la ma\u00e7onnerie, 30 mm dans le bois, et 13 mm dans l&rsquo;acier, ce perforateur assure une performance optimale sur tous les chantiers.<\/p>\n<p>Ce perforateur propose 4 fonctions principales : per\u00e7age, perforation, burinage et rotation du foret, offrant ainsi une polyvalence \u00e9lev\u00e9e pour r\u00e9pondre \u00e0 tous les besoins. Dot\u00e9 d&rsquo;un mandrin SDS-Plus, il garantit une mise en place rapide des forets, tandis que son adaptateur mandrin auto-serrant de 13 mm permet une compatibilit\u00e9 avec de nombreux accessoires. Sa poign\u00e9e anti-vibration et sa poign\u00e9e en caoutchouc surmoul\u00e9 assurent une prise en main confortable, m\u00eame lors de longues sessions de travail.<\/p>\n<p>L&rsquo;HR3-28Z est \u00e9quip\u00e9 d&rsquo;un interrupteur de verrouillage pour un travail continu sans effort, et d&rsquo;un c\u00e2ble H07-RNF de 4 m\u00e8tres pour une libert\u00e9 de mouvement accrue sur le chantier. De plus, son poids l\u00e9ger de 3,2 kg permet de le manipuler facilement tout en offrant une puissance de per\u00e7age remarquable. Gr\u00e2ce \u00e0 sa rotation avant et arri\u00e8re, ce perforateur est id\u00e9al pour des travaux de pr\u00e9cision. Un incontournable pour tous ceux qui recherchent fiabilit\u00e9 et performance.<\/p>\n<p>\u00a0<\/p>\n<p><b>Caract\u00e9ristiques techniques\u00a0:<\/b><\/p>\n<ul>\n<li>Tension nominale : 230 V ~ 50 Hz<\/li>\n<li>Puissance nominale : 900 W<\/li>\n<li>\u00c9nergie d&rsquo;impact : 3,2 J<\/li>\n<li>Vitesse \u00e0 vide nominale : 0 &#8211; 1100 tr\/min<\/li>\n<li>Taux d&rsquo;impact : 0 &#8211; 4800 bpm<\/li>\n<li>Type de mandrin : SDS-Plus<\/li>\n<li>Capacit\u00e9 maximale de per\u00e7age dans ma\u00e7onnerie\u00a0: 28 mm<\/li>\n<li>Capacit\u00e9 maximale de per\u00e7age dans bois\u00a0: 30 mm<\/li>\n<li>Capacit\u00e9 maximale de per\u00e7age dans acier\u00a0: 13 mm<\/li>\n<li>Poids de la machine : 3,2 kg<\/li>\n<\/ul>\n","protected":false},"excerpt":{"rendered":"<p>nan<\/p>\n","protected":false},"featured_media":24853,"template":"","meta":{"_acf_changed":false,"_et_pb_use_builder":"","_et_pb_old_content":"","_et_gb_content_width":"","_cloudinary_featured_overwrite":false},"product_brand":[],"product_cat":[15,4469,4470],"product_tag":[4066],"class_list":{"0":"post-24854","1":"product","2":"type-product","3":"status-publish","4":"has-post-thumbnail","6":"product_cat-produits","7":"product_cat-electroportatif","8":"product_cat-perforateurs","9":"product_tag-hanger","11":"first","12":"instock","13":"shipping-taxable","14":"purchasable","15":"product-type-simple"},"acf":[],"amp_enabled":false,"_links":{"self":[{"href":"https:\/\/www.hanger-tools.fr\/index.php?rest_route=\/wp\/v2\/product\/24854","targetHints":{"allow":["GET"]}}],"collection":[{"href":"https:\/\/www.hanger-tools.fr\/index.php?rest_route=\/wp\/v2\/product"}],"about":[{"href":"https:\/\/www.hanger-tools.fr\/index.php?rest_route=\/wp\/v2\/types\/product"}],"wp:featuredmedia":[{"embeddable":true,"href":"https:\/\/www.hanger-tools.fr\/index.php?rest_route=\/wp\/v2\/media\/24853"}],"wp:attachment":[{"href":"https:\/\/www.hanger-tools.fr\/index.php?rest_route=%2Fwp%2Fv2%2Fmedia&parent=24854"}],"wp:term":[{"taxonomy":"product_brand","embeddable":true,"href":"https:\/\/www.hanger-tools.fr\/index.php?rest_route=%2Fwp%2Fv2%2Fproduct_brand&post=24854"},{"taxonomy":"product_cat","embeddable":true,"href":"https:\/\/www.hanger-tools.fr\/index.php?rest_route=%2Fwp%2Fv2%2Fproduct_cat&post=24854"},{"taxonomy":"product_tag","embeddable":true,"href":"https:\/\/www.hanger-tools.fr\/index.php?rest_route=%2Fwp%2Fv2%2Fproduct_tag&post=24854"}],"curies":[{"name":"wp","href":"https:\/\/api.w.org\/{rel}","templated":true}]}}