{"id":24934,"date":"2025-10-28T09:04:59","date_gmt":"2025-10-28T09:04:59","guid":{"rendered":"https:\/\/www.hanger-tools.com\/?product=tournevis-cruciforme-ph2-a-frapper-l-260-mm-hanger-131082"},"modified":"2025-10-31T08:51:51","modified_gmt":"2025-10-31T08:51:51","slug":"tournevis-cruciforme-ph2-a-frapper-l-260-mm-hanger-131082","status":"publish","type":"product","link":"https:\/\/www.hanger-tools.fr\/?product=tournevis-cruciforme-ph2-a-frapper-l-260-mm-hanger-131082","title":{"rendered":"Tournevis cruciforme PH2 \u00e0 frapper L.260 mm HANGER 131082"},"content":{"rendered":"<p>Les tournevis \u00e0 frapper de la marque Hanger ont une lame hexagonale forg\u00e9e pour une grande r\u00e9sistance. Son manche bi-mati\u00e8re vous assure une bonne prise en main. L&rsquo;identification de l&#8217;empreinte se trouve au bout du manche pour une lecture facile. Gr\u00e2ce \u00e0 son \u00e9crou de 12, ce tournevis vous sera tr\u00e8s utile pour les vissages et d\u00e9vissages les plus difficiles.<\/p>\n<p><strong>Caract\u00e9ristiques techniques :<\/strong><\/p>\n<ul>\n<li>Type d&#8217;empreinte : PH<\/li>\n<li>Lame hexagonale avec \u00e9crou de 12<\/li>\n<li>Empreinte trait\u00e9e noire<\/li>\n<li>Manche bi-mati\u00e8re<\/li>\n<\/ul>\n","protected":false},"excerpt":{"rendered":"<p>nan<\/p>\n","protected":false},"featured_media":24930,"template":"","meta":{"_acf_changed":false,"_et_pb_use_builder":"","_et_pb_old_content":"","_et_gb_content_width":"","_cloudinary_featured_overwrite":false},"product_brand":[],"product_cat":[15,4448],"product_tag":[4066],"class_list":{"0":"post-24934","1":"product","2":"type-product","3":"status-publish","4":"has-post-thumbnail","6":"product_cat-produits","7":"product_cat-tournevis","8":"product_tag-hanger","10":"first","11":"instock","12":"shipping-taxable","13":"purchasable","14":"product-type-simple"},"acf":[],"amp_enabled":false,"_links":{"self":[{"href":"https:\/\/www.hanger-tools.fr\/index.php?rest_route=\/wp\/v2\/product\/24934","targetHints":{"allow":["GET"]}}],"collection":[{"href":"https:\/\/www.hanger-tools.fr\/index.php?rest_route=\/wp\/v2\/product"}],"about":[{"href":"https:\/\/www.hanger-tools.fr\/index.php?rest_route=\/wp\/v2\/types\/product"}],"wp:featuredmedia":[{"embeddable":true,"href":"https:\/\/www.hanger-tools.fr\/index.php?rest_route=\/wp\/v2\/media\/24930"}],"wp:attachment":[{"href":"https:\/\/www.hanger-tools.fr\/index.php?rest_route=%2Fwp%2Fv2%2Fmedia&parent=24934"}],"wp:term":[{"taxonomy":"product_brand","embeddable":true,"href":"https:\/\/www.hanger-tools.fr\/index.php?rest_route=%2Fwp%2Fv2%2Fproduct_brand&post=24934"},{"taxonomy":"product_cat","embeddable":true,"href":"https:\/\/www.hanger-tools.fr\/index.php?rest_route=%2Fwp%2Fv2%2Fproduct_cat&post=24934"},{"taxonomy":"product_tag","embeddable":true,"href":"https:\/\/www.hanger-tools.fr\/index.php?rest_route=%2Fwp%2Fv2%2Fproduct_tag&post=24934"}],"curies":[{"name":"wp","href":"https:\/\/api.w.org\/{rel}","templated":true}]}}