{"id":24938,"date":"2025-10-28T09:05:07","date_gmt":"2025-10-28T09:05:07","guid":{"rendered":"https:\/\/www.hanger-tools.com\/?product=tournevis-cruciforme-ph1-200-mm-hanger-131031"},"modified":"2025-10-31T08:51:50","modified_gmt":"2025-10-31T08:51:50","slug":"tournevis-cruciforme-ph1-200-mm-hanger-131031","status":"publish","type":"product","link":"https:\/\/www.hanger-tools.fr\/?product=tournevis-cruciforme-ph1-200-mm-hanger-131031","title":{"rendered":"Tournevis cruciforme PH1 200 mm HANGER 131031"},"content":{"rendered":"<p>Le tournevis cruciforme Phillips de la marque Hanger est dot\u00e9 d&rsquo;une lame cylindrique forg\u00e9e qui assure une grande r\u00e9sistance. Gr\u00e2ce \u00e0 cette conception robuste, cet outil est parfait pour les t\u00e2ches exigeantes o\u00f9 la fiabilit\u00e9 est primordiale.<\/p>\n<p>Pour un confort optimal lors des travaux, le tournevis est \u00e9quip\u00e9 d&rsquo;un manche bi-mati\u00e8re. Cette caract\u00e9ristique permet une prise en main ferme et agr\u00e9able, r\u00e9duisant la fatigue et am\u00e9liorant la pr\u00e9cision.<\/p>\n<p>L&rsquo;identification claire de l&#8217;empreinte au bout du manche rend l&rsquo;utilisation du tournevis simple et efficace. Plus besoin de deviner la taille de l&#8217;empreinte : cette caract\u00e9ristique permet de s\u00e9lectionner rapidement le bon outil pour chaque t\u00e2che.<\/p>\n","protected":false},"excerpt":{"rendered":"<p>nan<\/p>\n","protected":false},"featured_media":24932,"template":"","meta":{"_acf_changed":false,"_et_pb_use_builder":"","_et_pb_old_content":"","_et_gb_content_width":"","_cloudinary_featured_overwrite":false},"product_brand":[],"product_cat":[15,4448],"product_tag":[4066],"class_list":{"0":"post-24938","1":"product","2":"type-product","3":"status-publish","4":"has-post-thumbnail","6":"product_cat-produits","7":"product_cat-tournevis","8":"product_tag-hanger","10":"first","11":"instock","12":"shipping-taxable","13":"purchasable","14":"product-type-simple"},"acf":[],"amp_enabled":false,"_links":{"self":[{"href":"https:\/\/www.hanger-tools.fr\/index.php?rest_route=\/wp\/v2\/product\/24938","targetHints":{"allow":["GET"]}}],"collection":[{"href":"https:\/\/www.hanger-tools.fr\/index.php?rest_route=\/wp\/v2\/product"}],"about":[{"href":"https:\/\/www.hanger-tools.fr\/index.php?rest_route=\/wp\/v2\/types\/product"}],"wp:featuredmedia":[{"embeddable":true,"href":"https:\/\/www.hanger-tools.fr\/index.php?rest_route=\/wp\/v2\/media\/24932"}],"wp:attachment":[{"href":"https:\/\/www.hanger-tools.fr\/index.php?rest_route=%2Fwp%2Fv2%2Fmedia&parent=24938"}],"wp:term":[{"taxonomy":"product_brand","embeddable":true,"href":"https:\/\/www.hanger-tools.fr\/index.php?rest_route=%2Fwp%2Fv2%2Fproduct_brand&post=24938"},{"taxonomy":"product_cat","embeddable":true,"href":"https:\/\/www.hanger-tools.fr\/index.php?rest_route=%2Fwp%2Fv2%2Fproduct_cat&post=24938"},{"taxonomy":"product_tag","embeddable":true,"href":"https:\/\/www.hanger-tools.fr\/index.php?rest_route=%2Fwp%2Fv2%2Fproduct_tag&post=24938"}],"curies":[{"name":"wp","href":"https:\/\/api.w.org\/{rel}","templated":true}]}}