{"id":25070,"date":"2025-10-28T09:09:57","date_gmt":"2025-10-28T09:09:57","guid":{"rendered":"https:\/\/www.hanger-tools.com\/?product=jeu-de-5-tournevis-de-precision-micro-hanger-133092"},"modified":"2025-10-31T08:50:33","modified_gmt":"2025-10-31T08:50:33","slug":"jeu-de-5-tournevis-de-precision-micro-hanger-133092","status":"publish","type":"product","link":"https:\/\/www.hanger-tools.fr\/?product=jeu-de-5-tournevis-de-precision-micro-hanger-133092","title":{"rendered":"Jeu de 5 tournevis de pr\u00e9cision micro HANGER 133092"},"content":{"rendered":"<p>Ce coffret de la marque Hanger comprend cinq tournevis micro sp\u00e9cialement con\u00e7us pour les travaux de pr\u00e9cision. Chaque tournevis est \u00e9quip\u00e9 d&rsquo;un manche bi-mati\u00e8re \u00e0 t\u00eate pivotante, offrant un confort et une stabilit\u00e9 accrus lors de l&rsquo;utilisation. Les empreintes magn\u00e9tiques trait\u00e9es noires assurent que les vis restent bien en place, \u00e9vitant ainsi les pertes et am\u00e9liorant l&rsquo;efficacit\u00e9 des vissages et d\u00e9vissages.<\/p>\n<p>\u00a0<\/p>\n<p><b>Caract\u00e9ristiques techniques :<\/b><\/p>\n<ul>\n<li>Empreintes : plat\/\u00e0 fente, cruciforme Phillips, cruciforme PZ<\/li>\n<li>Empreintes magn\u00e9tiques<\/li>\n<li>Mati\u00e8re manche : bi-mati\u00e8re<\/li>\n<\/ul>\n<p><strong><\/strong><\/p>\n","protected":false},"excerpt":{"rendered":"<p>nan<\/p>\n","protected":false},"featured_media":25069,"template":"","meta":{"_acf_changed":false,"_et_pb_use_builder":"","_et_pb_old_content":"","_et_gb_content_width":"","_cloudinary_featured_overwrite":false},"product_brand":[],"product_cat":[15,4447,4448],"product_tag":[4066],"class_list":{"0":"post-25070","1":"product","2":"type-product","3":"status-publish","4":"has-post-thumbnail","6":"product_cat-produits","7":"product_cat-outils-a-mains","8":"product_cat-tournevis","9":"product_tag-hanger","11":"first","12":"instock","13":"shipping-taxable","14":"purchasable","15":"product-type-simple"},"acf":[],"amp_enabled":false,"_links":{"self":[{"href":"https:\/\/www.hanger-tools.fr\/index.php?rest_route=\/wp\/v2\/product\/25070","targetHints":{"allow":["GET"]}}],"collection":[{"href":"https:\/\/www.hanger-tools.fr\/index.php?rest_route=\/wp\/v2\/product"}],"about":[{"href":"https:\/\/www.hanger-tools.fr\/index.php?rest_route=\/wp\/v2\/types\/product"}],"wp:featuredmedia":[{"embeddable":true,"href":"https:\/\/www.hanger-tools.fr\/index.php?rest_route=\/wp\/v2\/media\/25069"}],"wp:attachment":[{"href":"https:\/\/www.hanger-tools.fr\/index.php?rest_route=%2Fwp%2Fv2%2Fmedia&parent=25070"}],"wp:term":[{"taxonomy":"product_brand","embeddable":true,"href":"https:\/\/www.hanger-tools.fr\/index.php?rest_route=%2Fwp%2Fv2%2Fproduct_brand&post=25070"},{"taxonomy":"product_cat","embeddable":true,"href":"https:\/\/www.hanger-tools.fr\/index.php?rest_route=%2Fwp%2Fv2%2Fproduct_cat&post=25070"},{"taxonomy":"product_tag","embeddable":true,"href":"https:\/\/www.hanger-tools.fr\/index.php?rest_route=%2Fwp%2Fv2%2Fproduct_tag&post=25070"}],"curies":[{"name":"wp","href":"https:\/\/api.w.org\/{rel}","templated":true}]}}