{"id":25153,"date":"2025-10-28T09:11:52","date_gmt":"2025-10-28T09:11:52","guid":{"rendered":"https:\/\/www.hanger-tools.com\/?product=tournevis-etoile-percee-ttx30-262-mm-hanger-131065"},"modified":"2025-10-31T08:50:29","modified_gmt":"2025-10-31T08:50:29","slug":"tournevis-etoile-percee-ttx30-262-mm-hanger-131065","status":"publish","type":"product","link":"https:\/\/www.hanger-tools.fr\/?product=tournevis-etoile-percee-ttx30-262-mm-hanger-131065","title":{"rendered":"Tournevis \u00e9toile perc\u00e9e TTX30 262 mm HANGER 131065"},"content":{"rendered":"<p>Les tournevis pour vis inviolable de la marque Hanger ont une lame cylindrique forg\u00e9e pour une grande r\u00e9sistance. Son manche bi-mati\u00e8re vous assure une bonne prise en main. L&rsquo;identification de l&#8217;empreinte se trouve au bout du manche pour une lecture facile.<\/p>\n<p><strong><\/p>\n<p>Caract\u00e9ristiques techniques :<\/strong><\/p>\n<ul>\n<li>Lame cylindrique longue<\/li>\n<li>Empreinte phosphat\u00e9e magn\u00e9tique trait\u00e9e noire<\/li>\n<li>Manche bi-mati\u00e8re<\/li>\n<\/ul>\n","protected":false},"excerpt":{"rendered":"<p>nan<\/p>\n","protected":false},"featured_media":25142,"template":"","meta":{"_acf_changed":false,"_et_pb_use_builder":"","_et_pb_old_content":"","_et_gb_content_width":"","_cloudinary_featured_overwrite":false},"product_brand":[],"product_cat":[15,4447,4448],"product_tag":[4066],"class_list":{"0":"post-25153","1":"product","2":"type-product","3":"status-publish","4":"has-post-thumbnail","6":"product_cat-produits","7":"product_cat-outils-a-mains","8":"product_cat-tournevis","9":"product_tag-hanger","11":"first","12":"instock","13":"shipping-taxable","14":"purchasable","15":"product-type-simple"},"acf":[],"amp_enabled":false,"_links":{"self":[{"href":"https:\/\/www.hanger-tools.fr\/index.php?rest_route=\/wp\/v2\/product\/25153","targetHints":{"allow":["GET"]}}],"collection":[{"href":"https:\/\/www.hanger-tools.fr\/index.php?rest_route=\/wp\/v2\/product"}],"about":[{"href":"https:\/\/www.hanger-tools.fr\/index.php?rest_route=\/wp\/v2\/types\/product"}],"wp:featuredmedia":[{"embeddable":true,"href":"https:\/\/www.hanger-tools.fr\/index.php?rest_route=\/wp\/v2\/media\/25142"}],"wp:attachment":[{"href":"https:\/\/www.hanger-tools.fr\/index.php?rest_route=%2Fwp%2Fv2%2Fmedia&parent=25153"}],"wp:term":[{"taxonomy":"product_brand","embeddable":true,"href":"https:\/\/www.hanger-tools.fr\/index.php?rest_route=%2Fwp%2Fv2%2Fproduct_brand&post=25153"},{"taxonomy":"product_cat","embeddable":true,"href":"https:\/\/www.hanger-tools.fr\/index.php?rest_route=%2Fwp%2Fv2%2Fproduct_cat&post=25153"},{"taxonomy":"product_tag","embeddable":true,"href":"https:\/\/www.hanger-tools.fr\/index.php?rest_route=%2Fwp%2Fv2%2Fproduct_tag&post=25153"}],"curies":[{"name":"wp","href":"https:\/\/api.w.org\/{rel}","templated":true}]}}