{"id":25703,"date":"2025-10-28T09:26:16","date_gmt":"2025-10-28T09:26:16","guid":{"rendered":"https:\/\/www.hanger-tools.com\/?product=jeu-de-3-pinces-isolees-1000-v-hanger-231098-2"},"modified":"2025-10-31T09:04:11","modified_gmt":"2025-10-31T09:04:11","slug":"jeu-de-3-pinces-isolees-1000-v-hanger-231098-2","status":"publish","type":"product","link":"https:\/\/www.hanger-tools.fr\/?product=jeu-de-3-pinces-isolees-1000-v-hanger-231098-2","title":{"rendered":"Jeu de 3 pinces isol\u00e9es 1000 V HANGER 231098"},"content":{"rendered":"<p>Le jeu de 3 pinces isol\u00e9es 1000 V de la marque Hanger associe s\u00e9curit\u00e9 et confort pour les travaux \u00e9lectriques. Ce set est compos\u00e9 d&rsquo;une pince coupante diagonale de 160 mm, d&rsquo;une pince \u00e0 bec demi rond de 200 mm et d&rsquo;une pince \u00e0 d\u00e9nuder de 160 mm. Chaque pince est gain\u00e9e bi-mati\u00e8re afin d&rsquo;offrir une prise en main ergonomique et r\u00e9sistante. Conformes \u00e0 la norme IEC60900 : 2004, ces outils garantissent une protection fiable pour les interventions sous tension, tout en assurant pr\u00e9cision et efficacit\u00e9 au quotidien.<\/p>\n","protected":false},"excerpt":{"rendered":"<p>nan<\/p>\n","protected":false},"featured_media":25702,"template":"","meta":{"_acf_changed":false,"_et_pb_use_builder":"","_et_pb_old_content":"","_et_gb_content_width":"","_cloudinary_featured_overwrite":false},"product_brand":[],"product_cat":[15,4447,4450],"product_tag":[4066],"class_list":{"0":"post-25703","1":"product","2":"type-product","3":"status-publish","4":"has-post-thumbnail","6":"product_cat-produits","7":"product_cat-outils-a-mains","8":"product_cat-pinces","9":"product_tag-hanger","11":"first","12":"instock","13":"shipping-taxable","14":"purchasable","15":"product-type-simple"},"acf":[],"amp_enabled":false,"_links":{"self":[{"href":"https:\/\/www.hanger-tools.fr\/index.php?rest_route=\/wp\/v2\/product\/25703","targetHints":{"allow":["GET"]}}],"collection":[{"href":"https:\/\/www.hanger-tools.fr\/index.php?rest_route=\/wp\/v2\/product"}],"about":[{"href":"https:\/\/www.hanger-tools.fr\/index.php?rest_route=\/wp\/v2\/types\/product"}],"wp:featuredmedia":[{"embeddable":true,"href":"https:\/\/www.hanger-tools.fr\/index.php?rest_route=\/wp\/v2\/media\/25702"}],"wp:attachment":[{"href":"https:\/\/www.hanger-tools.fr\/index.php?rest_route=%2Fwp%2Fv2%2Fmedia&parent=25703"}],"wp:term":[{"taxonomy":"product_brand","embeddable":true,"href":"https:\/\/www.hanger-tools.fr\/index.php?rest_route=%2Fwp%2Fv2%2Fproduct_brand&post=25703"},{"taxonomy":"product_cat","embeddable":true,"href":"https:\/\/www.hanger-tools.fr\/index.php?rest_route=%2Fwp%2Fv2%2Fproduct_cat&post=25703"},{"taxonomy":"product_tag","embeddable":true,"href":"https:\/\/www.hanger-tools.fr\/index.php?rest_route=%2Fwp%2Fv2%2Fproduct_tag&post=25703"}],"curies":[{"name":"wp","href":"https:\/\/api.w.org\/{rel}","templated":true}]}}