{"id":25837,"date":"2025-10-28T09:32:12","date_gmt":"2025-10-28T09:32:12","guid":{"rendered":"https:\/\/www.hanger-tools.com\/?product=pince-universelle-gainee-160-mm-hanger-231003-2"},"modified":"2025-10-31T09:04:09","modified_gmt":"2025-10-31T09:04:09","slug":"pince-universelle-gainee-160-mm-hanger-231003-2","status":"publish","type":"product","link":"https:\/\/www.hanger-tools.fr\/?product=pince-universelle-gainee-160-mm-hanger-231003-2","title":{"rendered":"Pince universelle gain\u00e9e 160 mm HANGER 231003"},"content":{"rendered":"<p>Cette pince universelle gain\u00e9e de la marque Hanger est \u00e9quip\u00e9e de trois zones de travail distinctes : pincement, prise et coupe. Cette conception intelligente offre une polyvalence maximale, permettant d&rsquo;effectuer une vari\u00e9t\u00e9 de t\u00e2ches avec un seul outil.<\/p>\n<p>Gr\u00e2ce \u00e0 son gainage bi-mati\u00e8re, la pince universelle gain\u00e9e offre un confort optimal lors de son utilisation. Les poign\u00e9es ergonomiques sont con\u00e7ues pour r\u00e9duire la fatigue des mains, permettant de travailler plus longtemps sans inconfort.<\/p>\n<p>Con\u00e7ue pour r\u00e9sister \u00e0 des utilisations intensives, la pince universelle gain\u00e9e est synonyme de robustesse et de fiabilit\u00e9. Fabriqu\u00e9e avec des mat\u00e9riaux de haute qualit\u00e9, cette pince est con\u00e7ue pour durer, offrant ainsi une utilisation \u00e0 long terme.<\/p>\n<p>\u00a0<\/p>\n<p><b>Caract\u00e9ristiques techniques :<\/b><\/p>\n<ul>\n<li>Mati\u00e8re de la t\u00eate\u00a0: acier<\/li>\n<li>Longueur\u00a0: 160 mm<\/li>\n<li>Mati\u00e8re de la poign\u00e9e\u00a0: bi-mati\u00e8re<\/li>\n<li>Capacit\u00e9 de coupe maximale : 1,4 mm pour fer 220 kg\/mm\u00b2<\/li>\n<\/ul>\n","protected":false},"excerpt":{"rendered":"<p>nan<\/p>\n","protected":false},"featured_media":25836,"template":"","meta":{"_acf_changed":false,"_et_pb_use_builder":"","_et_pb_old_content":"","_et_gb_content_width":"","_cloudinary_featured_overwrite":false},"product_brand":[],"product_cat":[15,4447,4450],"product_tag":[4066],"class_list":{"0":"post-25837","1":"product","2":"type-product","3":"status-publish","4":"has-post-thumbnail","6":"product_cat-produits","7":"product_cat-outils-a-mains","8":"product_cat-pinces","9":"product_tag-hanger","11":"first","12":"instock","13":"shipping-taxable","14":"purchasable","15":"product-type-simple"},"acf":[],"amp_enabled":false,"_links":{"self":[{"href":"https:\/\/www.hanger-tools.fr\/index.php?rest_route=\/wp\/v2\/product\/25837","targetHints":{"allow":["GET"]}}],"collection":[{"href":"https:\/\/www.hanger-tools.fr\/index.php?rest_route=\/wp\/v2\/product"}],"about":[{"href":"https:\/\/www.hanger-tools.fr\/index.php?rest_route=\/wp\/v2\/types\/product"}],"wp:featuredmedia":[{"embeddable":true,"href":"https:\/\/www.hanger-tools.fr\/index.php?rest_route=\/wp\/v2\/media\/25836"}],"wp:attachment":[{"href":"https:\/\/www.hanger-tools.fr\/index.php?rest_route=%2Fwp%2Fv2%2Fmedia&parent=25837"}],"wp:term":[{"taxonomy":"product_brand","embeddable":true,"href":"https:\/\/www.hanger-tools.fr\/index.php?rest_route=%2Fwp%2Fv2%2Fproduct_brand&post=25837"},{"taxonomy":"product_cat","embeddable":true,"href":"https:\/\/www.hanger-tools.fr\/index.php?rest_route=%2Fwp%2Fv2%2Fproduct_cat&post=25837"},{"taxonomy":"product_tag","embeddable":true,"href":"https:\/\/www.hanger-tools.fr\/index.php?rest_route=%2Fwp%2Fv2%2Fproduct_tag&post=25837"}],"curies":[{"name":"wp","href":"https:\/\/api.w.org\/{rel}","templated":true}]}}